{"id":5598,"date":"2022-04-18T00:30:52","date_gmt":"2022-04-17T22:30:52","guid":{"rendered":"https:\/\/congres.mlfmonde.org\/rabat2022\/?page_id=5598"},"modified":"2022-06-14T14:10:36","modified_gmt":"2022-06-14T12:10:36","slug":"webradio","status":"publish","type":"page","link":"https:\/\/congres.mlfmonde.org\/rabat2022\/webradio\/","title":{"rendered":"Webradio"},"content":{"rendered":"<div class=\"wpb-content-wrapper\"><p>[vc_row][vc_column][vc_custom_heading text=\u00a0\u00bbPr\u00e9sentation\u00a0\u00bb font_container=\u00a0\u00bbtag:h2|text_align:left|color:%231792ad\u00a0\u00bb][\/vc_column][\/vc_row][vc_row][vc_column][vc_column_text]L\u2019objectif d\u2019une\u00a0\u00e9ducation aux m\u00e9dias et \u00e0 l\u2019information\u00a0(#EMI) est de permettre aux \u00e9l\u00e8ves de se pr\u00e9parer \u00e0 l\u2019exercice d\u2019une citoyennet\u00e9 \u00e9clair\u00e9e et responsable dans une soci\u00e9t\u00e9 o\u00f9 l\u2019information et la communication sont omnipr\u00e9sentes.<\/p>\n<p>Depuis six ans, la Mlf a mis en place des formations webradio dans diff\u00e9rents \u00e9tablissements avec l\u2019aide de Thierry Riera, journaliste professionnel, afin de permettre aux \u00e9l\u00e8ves de s\u2019approprier un nouveau m\u00e9dia. Lors des congr\u00e8s de Casablanca (2016) et New York (2017), des \u00e9l\u00e8ves se sont pr\u00eat\u00e9s au jeu des interviews et du reportage. Le <a href=\"http:\/\/congres.mlfmonde.org\/caen-deauville2018\/webradios\/\">congr\u00e8s 2018<\/a>\u00a0de Deauville fut l\u2019occasion d\u2019inaugurer les\u00a0<a href=\"http:\/\/www.mlfmonde.org\/rencontres-internationales-de-la-webradio-scolaire-a-deauville\/\"><strong>premi\u00e8res rencontres internationales de la webradio scolaire<\/strong><\/a>.<\/p>\n<p><strong>Pour cette troisi\u00e8me \u00e9dition<\/strong>,\u00a0les \u00e9l\u00e8ves se pr\u00eateront ensemble au jeu du journalisme et couvriront la totalit\u00e9 du congr\u00e8s, en interviewant les personnalit\u00e9s qui aborderont des enjeux soci\u00e9taux et scolaires.<\/p>\n<p><strong>Cette ann\u00e9e, c\u2019est une d\u00e9l\u00e9gation d\u2019\u00e9l\u00e8ves venant de 7 \u00e9tablissements du r\u00e9seau mlfmonde,<\/strong> accompagn\u00e9e d\u2019\u00e9l\u00e8ves de l\u2019acad\u00e9mie partenaire de Reims, qui se d\u00e9placera pour les troisi\u00e8mes rencontres internationales de la webradio scolaire.<\/p>\n<p>Conduite d\u2019interviews, \u00e9criture radiophonique, entretiens, fabrication de reportages, voil\u00e0 en substance un panel non-exhaustif des nombreuses t\u00e2ches que devront r\u00e9aliser les \u00e9l\u00e8ves encadr\u00e9s par des d\u2019enseignants qui pratiquent la webradio.[\/vc_column_text][\/vc_column][\/vc_row][vc_row][vc_column][vc_custom_heading text=\u00a0\u00bbLes \u00e9quipes\u00a0\u00bb font_container=\u00a0\u00bbtag:h2|text_align:left|color:%231792ad\u00a0\u00bb][vc_tta_accordion][vc_tta_section title=\u00a0\u00bbThierry Riera\u00a0\u00bb tab_id=\u00a0\u00bb1650273595959-68b6f1bb-f97b\u00a0\u00bb][vc_column_text]<span style=\"font-weight: 400;\"><img loading=\"lazy\" decoding=\"async\" class=\" wp-image-5676 alignleft\" src=\"http:\/\/congres.mlfmonde.org\/rabat2022\/wp-content\/uploads\/2022\/04\/Modele-portrait-riera-2-300x300.png\" alt=\"\" width=\"190\" height=\"190\" srcset=\"https:\/\/congres.mlfmonde.org\/rabat2022\/wp-content\/uploads\/2022\/04\/Modele-portrait-riera-2-300x300.png 300w, https:\/\/congres.mlfmonde.org\/rabat2022\/wp-content\/uploads\/2022\/04\/Modele-portrait-riera-2-1024x1024.png 1024w, https:\/\/congres.mlfmonde.org\/rabat2022\/wp-content\/uploads\/2022\/04\/Modele-portrait-riera-2-150x150.png 150w, https:\/\/congres.mlfmonde.org\/rabat2022\/wp-content\/uploads\/2022\/04\/Modele-portrait-riera-2-768x768.png 768w, https:\/\/congres.mlfmonde.org\/rabat2022\/wp-content\/uploads\/2022\/04\/Modele-portrait-riera-2.png 1080w\" sizes=\"auto, (max-width: 190px) 100vw, 190px\" \/>Journaliste <\/span><span style=\"font-weight: 400;\">(30 ans \u00e0 Radio France)\u00a0 et\u00a0 expert en webradio et podcast scolaires.<\/span><\/p>\n<p><span style=\"font-weight: 400;\">Anime des formations \u00e0 la webradio, au podcast et \u00e0 d&rsquo;\u00e9ducation aux m\u00e9dias en milieu scolaire, universitaire et pour l&rsquo;apprentissage du FLE.<\/span>[\/vc_column_text][\/vc_tta_section][vc_tta_section title=\u00a0\u00bbEIFA International School of London\u00a0\u00bb tab_id=\u00a0\u00bb1650273595959-1c300836-b8ee\u00a0\u00bb][vc_single_image image=\u00a0\u00bb6355&Prime;][vc_column_text]<\/p>\n<ul>\n<li><span style=\"font-weight: 400;\">Enseignante : Catherine Faure (histoire\u00a0 g\u00e9o)<\/span><\/li>\n<li><span style=\"font-weight: 400;\">El\u00e8ves : <\/span>Alexandra Serra, 3\u00e8 et Milana Sierra, 3\u00e8<\/li>\n<\/ul>\n<p>[\/vc_column_text][\/vc_tta_section][vc_tta_section title=\u00a0\u00bbLyc\u00e9e fran\u00e7ais international Jean Charcot\u00a0\u00bb tab_id=\u00a0\u00bb1650273940650-861f9083-7ce7&Prime;][vc_single_image image=\u00a0\u00bb6255&Prime;][vc_column_text]<\/p>\n<ul>\n<li><span style=\"font-weight: 400;\">Enseignante : Bouchra Kandoussi (documentaliste)<\/span><\/li>\n<li><span style=\"font-weight: 400;\">El\u00e8ves : <\/span>Ghali Chaabi,4\u00e8 et Malak Kassmi, 4\u00e8<\/li>\n<\/ul>\n<p>[\/vc_column_text][\/vc_tta_section][vc_tta_section title=\u00a0\u00bbLyc\u00e9e fran\u00e7ais international Moli\u00e8re de Madrid (Villanueva de la Ca\u00f1ada)\u00a0\u00bb tab_id=\u00a0\u00bb1650273995225-30e8dd16-bd1f\u00a0\u00bb][vc_single_image image=\u00a0\u00bb6256&Prime;][vc_column_text]<\/p>\n<ul>\n<li><span style=\"font-weight: 400;\">Enseignante : Val\u00e9rie Sandre (anglais)<\/span><\/li>\n<li><span style=\"font-weight: 400;\">El\u00e8ves : <\/span>C\u00e9cilia Navarro Navarro, 3\u00e8 et Juliette Rivas Geslin, 3\u00e8<\/li>\n<\/ul>\n<p>[\/vc_column_text][\/vc_tta_section][vc_tta_section title=\u00a0\u00bbLyc\u00e9e fran\u00e7ais \u2013 Mlf de Bahre\u00efn\u00a0\u00bb tab_id=\u00a0\u00bb1650274064731-81a07151-371c\u00a0\u00bb][vc_single_image image=\u00a0\u00bb6356&Prime;][vc_column_text]<\/p>\n<ul>\n<li><span style=\"font-weight: 400;\">Enseignant : Micka\u00ebl Bilaey (Histoire -G\u00e9ographie))<\/span><\/li>\n<li><span style=\"font-weight: 400;\">El\u00e8ves : <\/span>Antonin Bardet, 3\u00e8 et Naya Katrina, 3\u00e8<\/li>\n<\/ul>\n<p>[\/vc_column_text][\/vc_tta_section][vc_tta_section title=\u00a0\u00bbLyc\u00e9e fran\u00e7ais \u2013 Mlf d\u2019Alexandrie\u00a0\u00bb tab_id=\u00a0\u00bb1650274130920-cee3a1db-4545&Prime;][vc_single_image image=\u00a0\u00bb6254&Prime;][vc_column_text]<\/p>\n<ul>\n<li><span style=\"font-weight: 400;\">Enseignant : Mina Akladios (informatique)<\/span><\/li>\n<li><span style=\"font-weight: 400;\">El\u00e8ves : <\/span>Zeina Assem, 2nde et Nelly AboulEla, 2nde<\/li>\n<\/ul>\n<p>[\/vc_column_text][\/vc_tta_section][vc_tta_section title=\u00a0\u00bbFrance, Reims, coll\u00e8ge Thibaut de Champagne\u00a0\u00bb tab_id=\u00a0\u00bb1650276157050-f6594a43-883c\u00a0\u00bb][vc_single_image image=\u00a0\u00bb6258&Prime;][vc_column_text]<\/p>\n<ul>\n<li><span style=\"font-weight: 400;\">Enseignante : Viviane Fournier<\/span><\/li>\n<li><span style=\"font-weight: 400;\">El\u00e8ves : <\/span>Noah Rouet, 4\u00e8 et Emna Taftaf Gachet, 5\u00e8<\/li>\n<\/ul>\n<p>[\/vc_column_text][\/vc_tta_section][vc_tta_section title=\u00a0\u00bbLyc\u00e9e fran\u00e7ais international Andr\u00e9 Malraux OSUI\u00a0\u00bb tab_id=\u00a0\u00bb1650276210358-0556ea0c-76d4&Prime;][vc_single_image image=\u00a0\u00bb6357&Prime;][vc_column_text]<\/p>\n<ul>\n<li><span style=\"font-weight: 400;\">Enseignante : Sabrina Dridah (fran\u00e7ais)<\/span><\/li>\n<li><span style=\"font-weight: 400;\">El\u00e8ves : <\/span>In\u00e8s Benwahoud, 4\u00e8 et Nizar Akel, 2nde<\/li>\n<\/ul>\n<p>[\/vc_column_text][\/vc_tta_section][vc_tta_section title=\u00a0\u00bbGrand lyc\u00e9e franco-libanais \u2013 Mlf \u2013 Achrafieh \u2013 Beyrouth\u00a0\u00bb tab_id=\u00a0\u00bb1650276230271-51884e1b-137c\u00a0\u00bb][vc_single_image image=\u00a0\u00bb6257&Prime;][vc_column_text]<\/p>\n<ul>\n<li><span style=\"font-weight: 400;\">Enseignant : Cliff Lteif (informatique)<\/span><\/li>\n<li><span style=\"font-weight: 400;\">El\u00e8ves : <\/span>Lana Salman, 2nde et Oriane Aoun, 2nde<\/li>\n<\/ul>\n<p>[\/vc_column_text][\/vc_tta_section][\/vc_tta_accordion][\/vc_column][\/vc_row][vc_row][vc_column][vc_zigzag][\/vc_column][\/vc_row][vc_row][vc_column][vc_custom_heading text=\u00a0\u00bbLes \u00e9missions\u00a0\u00bb font_container=\u00a0\u00bbtag:h2|text_align:left|color:%231792ad\u00a0\u00bb][vc_tta_accordion][vc_tta_section title=\u00a0\u00bbDimanche 8 mai\u00a0\u00bb tab_id=\u00a0\u00bb1652081405693-edd4ac83-0681&Prime;][vc_cta h2=\u00a0\u00bbEmission 1&Prime;]<\/p>\n<ul>\n<li><strong>Les enjeux du congr\u00e8s 2022 :<\/strong> Jean-Marc Merriaux, Directeur G\u00e9n\u00e9ral de la Mlf.<\/li>\n<li><strong>Place \u00e9tudes sup\u00e9rieures au Maroc :<\/strong> Noureddine Mouaddib le pr\u00e9sident de l&rsquo;universit\u00e9 internationale de Rabat.<\/li>\n<li><strong>Hymne 120 ans de la Mlf :\u00a0<\/strong> le compositeur Benjamin Laurent, chef de chant \u00e0 l&rsquo;Op\u00e9ra de Paris.<\/li>\n<\/ul>\n<p>[\/vc_cta][vc_raw_html]JTNDaWZyYW1lJTIwd2lkdGglM0QlMjIxMDAlMjUlMjIlMjBoZWlnaHQlM0QlMjIzMDAlMjIlMjBzY3JvbGxpbmclM0QlMjJubyUyMiUyMGZyYW1lYm9yZGVyJTNEJTIybm8lMjIlMjBhbGxvdyUzRCUyMmF1dG9wbGF5JTIyJTIwc3JjJTNEJTIyaHR0cHMlM0ElMkYlMkZ3LnNvdW5kY2xvdWQuY29tJTJGcGxheWVyJTJGJTNGdXJsJTNEaHR0cHMlMjUzQSUyRiUyRmFwaS5zb3VuZGNsb3VkLmNvbSUyRnRyYWNrcyUyRjEyNjQ0NDYwMjIlMjZjb2xvciUzRCUyNTIzZmY1NTAwJTI2YXV0b19wbGF5JTNEZmFsc2UlMjZoaWRlX3JlbGF0ZWQlM0RmYWxzZSUyNnNob3dfY29tbWVudHMlM0R0cnVlJTI2c2hvd191c2VyJTNEdHJ1ZSUyNnNob3dfcmVwb3N0cyUzRGZhbHNlJTI2c2hvd190ZWFzZXIlM0R0cnVlJTI2dmlzdWFsJTNEdHJ1ZSUyMiUzRSUzQyUyRmlmcmFtZSUzRSUzQ2RpdiUyMHN0eWxlJTNEJTIyZm9udC1zaXplJTNBJTIwMTBweCUzQiUyMGNvbG9yJTNBJTIwJTIzY2NjY2NjJTNCbGluZS1icmVhayUzQSUyMGFueXdoZXJlJTNCd29yZC1icmVhayUzQSUyMG5vcm1hbCUzQm92ZXJmbG93JTNBJTIwaGlkZGVuJTNCd2hpdGUtc3BhY2UlM0ElMjBub3dyYXAlM0J0ZXh0LW92ZXJmbG93JTNBJTIwZWxsaXBzaXMlM0IlMjBmb250LWZhbWlseSUzQSUyMEludGVyc3RhdGUlMkNMdWNpZGElMjBHcmFuZGUlMkNMdWNpZGElMjBTYW5zJTIwVW5pY29kZSUyQ0x1Y2lkYSUyMFNhbnMlMkNHYXJ1ZGElMkNWZXJkYW5hJTJDVGFob21hJTJDc2Fucy1zZXJpZiUzQmZvbnQtd2VpZ2h0JTNBJTIwMTAwJTNCJTIyJTNFJTNDYSUyMGhyZWYlM0QlMjJodHRwcyUzQSUyRiUyRnNvdW5kY2xvdWQuY29tJTJGbWxmbW9uZGUlMjIlMjB0aXRsZSUzRCUyMm1sZm1vbmRlJTIyJTIwdGFyZ2V0JTNEJTIyX2JsYW5rJTIyJTIwc3R5bGUlM0QlMjJjb2xvciUzQSUyMCUyM2NjY2NjYyUzQiUyMHRleHQtZGVjb3JhdGlvbiUzQSUyMG5vbmUlM0IlMjIlM0VtbGZtb25kZSUzQyUyRmElM0UlMjAlQzIlQjclMjAlM0NhJTIwaHJlZiUzRCUyMmh0dHBzJTNBJTJGJTJGc291bmRjbG91ZC5jb20lMkZtbGZtb25kZSUyRmNvbmdyZXNtbGYtZW1pc3Npb24tMS1yZW5jb250cmUtaW50ZXJuYXRpb25hbGVzLWRlcy13ZWJyYWRpb3Mtc2NvbGFpcmVzJTIyJTIwdGl0bGUlM0QlMjIlMjNDb25nciVDMyVBOHNNbGYlMjAlN0MlMjBFbWlzc2lvbiUyMDElMjAtJTIwUmVuY29udHJlJTIwSW50ZXJuYXRpb25hbGVzJTIwZGVzJTIwV2VicmFkaW9zJTIwU2NvbGFpcmVzJTIyJTIwdGFyZ2V0JTNEJTIyX2JsYW5rJTIyJTIwc3R5bGUlM0QlMjJjb2xvciUzQSUyMCUyM2NjY2NjYyUzQiUyMHRleHQtZGVjb3JhdGlvbiUzQSUyMG5vbmUlM0IlMjIlM0UlMjNDb25nciVDMyVBOHNNbGYlMjAlN0MlMjBFbWlzc2lvbiUyMDElMjAtJTIwUmVuY29udHJlJTIwSW50ZXJuYXRpb25hbGVzJTIwZGVzJTIwV2VicmFkaW9zJTIwU2NvbGFpcmVzJTNDJTJGYSUzRSUzQyUyRmRpdiUzRQ==[\/vc_raw_html][vc_zigzag][vc_cta h2=\u00a0\u00bbEmission 2&Prime;]<\/p>\n<ul>\n<li><strong>G\u00e9opolitique r\u00e9gionale :<\/strong> Agn\u00e8s Levallois, consultante internationale, sp\u00e9cialiste du monde arabe.<\/li>\n<li><strong>Enjeu g\u00e9opolitique et d\u00e9veloppement durable :<\/strong> Yousra Abourabi, professeure de sciences politiques \u00e0 l\u2019universit\u00e9 Rabat.<\/li>\n<li><strong>O\u00f9 en est l\u2019Osui, qui f\u00eate ses 25 ans au Maroc<\/strong> : Anne Mar\u00e9chal, proviseure adjointe du lyc\u00e9e international de Rabat.<\/li>\n<\/ul>\n<p>[\/vc_cta][vc_raw_html]JTNDaWZyYW1lJTIwd2lkdGglM0QlMjIxMDAlMjUlMjIlMjBoZWlnaHQlM0QlMjIzMDAlMjIlMjBzY3JvbGxpbmclM0QlMjJubyUyMiUyMGZyYW1lYm9yZGVyJTNEJTIybm8lMjIlMjBhbGxvdyUzRCUyMmF1dG9wbGF5JTIyJTIwc3JjJTNEJTIyaHR0cHMlM0ElMkYlMkZ3LnNvdW5kY2xvdWQuY29tJTJGcGxheWVyJTJGJTNGdXJsJTNEaHR0cHMlMjUzQSUyRiUyRmFwaS5zb3VuZGNsb3VkLmNvbSUyRnRyYWNrcyUyRjEyNjQ0NDc2MzMlMjZjb2xvciUzRCUyNTIzZmY1NTAwJTI2YXV0b19wbGF5JTNEZmFsc2UlMjZoaWRlX3JlbGF0ZWQlM0RmYWxzZSUyNnNob3dfY29tbWVudHMlM0R0cnVlJTI2c2hvd191c2VyJTNEdHJ1ZSUyNnNob3dfcmVwb3N0cyUzRGZhbHNlJTI2c2hvd190ZWFzZXIlM0R0cnVlJTI2dmlzdWFsJTNEdHJ1ZSUyMiUzRSUzQyUyRmlmcmFtZSUzRSUzQ2RpdiUyMHN0eWxlJTNEJTIyZm9udC1zaXplJTNBJTIwMTBweCUzQiUyMGNvbG9yJTNBJTIwJTIzY2NjY2NjJTNCbGluZS1icmVhayUzQSUyMGFueXdoZXJlJTNCd29yZC1icmVhayUzQSUyMG5vcm1hbCUzQm92ZXJmbG93JTNBJTIwaGlkZGVuJTNCd2hpdGUtc3BhY2UlM0ElMjBub3dyYXAlM0J0ZXh0LW92ZXJmbG93JTNBJTIwZWxsaXBzaXMlM0IlMjBmb250LWZhbWlseSUzQSUyMEludGVyc3RhdGUlMkNMdWNpZGElMjBHcmFuZGUlMkNMdWNpZGElMjBTYW5zJTIwVW5pY29kZSUyQ0x1Y2lkYSUyMFNhbnMlMkNHYXJ1ZGElMkNWZXJkYW5hJTJDVGFob21hJTJDc2Fucy1zZXJpZiUzQmZvbnQtd2VpZ2h0JTNBJTIwMTAwJTNCJTIyJTNFJTNDYSUyMGhyZWYlM0QlMjJodHRwcyUzQSUyRiUyRnNvdW5kY2xvdWQuY29tJTJGbWxmbW9uZGUlMjIlMjB0aXRsZSUzRCUyMm1sZm1vbmRlJTIyJTIwdGFyZ2V0JTNEJTIyX2JsYW5rJTIyJTIwc3R5bGUlM0QlMjJjb2xvciUzQSUyMCUyM2NjY2NjYyUzQiUyMHRleHQtZGVjb3JhdGlvbiUzQSUyMG5vbmUlM0IlMjIlM0VtbGZtb25kZSUzQyUyRmElM0UlMjAlQzIlQjclMjAlM0NhJTIwaHJlZiUzRCUyMmh0dHBzJTNBJTJGJTJGc291bmRjbG91ZC5jb20lMkZtbGZtb25kZSUyRmNvbmdyZXNtbGYtZW1pc3Npb24tMi1yZW5jb250cmUtaW50ZXJuYXRpb25hbGUtZGVzLXdlYnJhZGlvLXNjb2xhaXJlcyUyMiUyMHRpdGxlJTNEJTIyJTIzQ29uZ3IlQzMlQThzTWxmJTIwJTdDJTIwRW1pc3Npb24lMjAyJTIwLSUyMFJlbmNvbnRyZSUyMGludGVybmF0aW9uYWxlJTIwZGVzJTIwV2ViUmFkaW8lMjBTY29sYWlyZXMlMjIlMjB0YXJnZXQlM0QlMjJfYmxhbmslMjIlMjBzdHlsZSUzRCUyMmNvbG9yJTNBJTIwJTIzY2NjY2NjJTNCJTIwdGV4dC1kZWNvcmF0aW9uJTNBJTIwbm9uZSUzQiUyMiUzRSUyM0NvbmdyJUMzJUE4c01sZiUyMCU3QyUyMEVtaXNzaW9uJTIwMiUyMC0lMjBSZW5jb250cmUlMjBpbnRlcm5hdGlvbmFsZSUyMGRlcyUyMFdlYlJhZGlvJTIwU2NvbGFpcmVzJTNDJTJGYSUzRSUzQyUyRmRpdiUzRQ==[\/vc_raw_html][\/vc_tta_section][vc_tta_section title=\u00a0\u00bbLundi 9 mai\u00a0\u00bb tab_id=\u00a0\u00bb1652081405693-dc288fd5-d2b5&Prime;][vc_cta h2=\u00a0\u00bbEmission 3&Prime;]<\/p>\n<ul>\n<li><strong>Les Centres de D\u00e9veloppement Professionnel de la Mlf<\/strong> : Abdessamed Hamdoun, directeur du CDP de Rabat.<\/li>\n<li><strong>Ecosyst\u00e8me d\u00e9veloppement professionnel<\/strong> : Julie Higounet, responsable p\u00f4le d\u00e9veloppement professionnel.<\/li>\n<li><strong>Le fran\u00e7ais langue plurielle :<\/strong> Jean-Martial Kouam\u00e9, chercheur en sciences du langage Abidjan.<\/li>\n<\/ul>\n<p>[\/vc_cta][\/vc_tta_section][\/vc_tta_accordion][vc_cta h2=\u00a0\u00bbEmission 3&Prime;]<\/p>\n<ul>\n<li><strong>Les Centres de D\u00e9veloppement Professionnel de la Mlf <\/strong>: Abdessamed Hamdoun, directeur du CDP de Rabat.<\/li>\n<li><strong>Ecosyst\u00e8me d\u00e9veloppement professionnel<\/strong> : Julie Higounet, responsable p\u00f4le d\u00e9veloppement professionnel.<\/li>\n<li><strong>Le fran\u00e7ais langue plurielle<\/strong> : Jean-Martial Kouam\u00e9, chercheur en sciences du langage Abidjan.<\/li>\n<\/ul>\n<p>[\/vc_cta][vc_raw_html]JTNDaWZyYW1lJTIwd2lkdGglM0QlMjIxMDAlMjUlMjIlMjBoZWlnaHQlM0QlMjIzMDAlMjIlMjBzY3JvbGxpbmclM0QlMjJubyUyMiUyMGZyYW1lYm9yZGVyJTNEJTIybm8lMjIlMjBhbGxvdyUzRCUyMmF1dG9wbGF5JTIyJTIwc3JjJTNEJTIyaHR0cHMlM0ElMkYlMkZ3LnNvdW5kY2xvdWQuY29tJTJGcGxheWVyJTJGJTNGdXJsJTNEaHR0cHMlMjUzQSUyRiUyRmFwaS5zb3VuZGNsb3VkLmNvbSUyRnRyYWNrcyUyRjEyNjQ4ODY3MjglMjZjb2xvciUzRCUyNTIzZmY1NTAwJTI2YXV0b19wbGF5JTNEZmFsc2UlMjZoaWRlX3JlbGF0ZWQlM0RmYWxzZSUyNnNob3dfY29tbWVudHMlM0R0cnVlJTI2c2hvd191c2VyJTNEdHJ1ZSUyNnNob3dfcmVwb3N0cyUzRGZhbHNlJTI2c2hvd190ZWFzZXIlM0R0cnVlJTI2dmlzdWFsJTNEdHJ1ZSUyMiUzRSUzQyUyRmlmcmFtZSUzRSUzQ2RpdiUyMHN0eWxlJTNEJTIyZm9udC1zaXplJTNBJTIwMTBweCUzQiUyMGNvbG9yJTNBJTIwJTIzY2NjY2NjJTNCbGluZS1icmVhayUzQSUyMGFueXdoZXJlJTNCd29yZC1icmVhayUzQSUyMG5vcm1hbCUzQm92ZXJmbG93JTNBJTIwaGlkZGVuJTNCd2hpdGUtc3BhY2UlM0ElMjBub3dyYXAlM0J0ZXh0LW92ZXJmbG93JTNBJTIwZWxsaXBzaXMlM0IlMjBmb250LWZhbWlseSUzQSUyMEludGVyc3RhdGUlMkNMdWNpZGElMjBHcmFuZGUlMkNMdWNpZGElMjBTYW5zJTIwVW5pY29kZSUyQ0x1Y2lkYSUyMFNhbnMlMkNHYXJ1ZGElMkNWZXJkYW5hJTJDVGFob21hJTJDc2Fucy1zZXJpZiUzQmZvbnQtd2VpZ2h0JTNBJTIwMTAwJTNCJTIyJTNFJTNDYSUyMGhyZWYlM0QlMjJodHRwcyUzQSUyRiUyRnNvdW5kY2xvdWQuY29tJTJGbWxmbW9uZGUlMjIlMjB0aXRsZSUzRCUyMm1sZm1vbmRlJTIyJTIwdGFyZ2V0JTNEJTIyX2JsYW5rJTIyJTIwc3R5bGUlM0QlMjJjb2xvciUzQSUyMCUyM2NjY2NjYyUzQiUyMHRleHQtZGVjb3JhdGlvbiUzQSUyMG5vbmUlM0IlMjIlM0VtbGZtb25kZSUzQyUyRmElM0UlMjAlQzIlQjclMjAlM0NhJTIwaHJlZiUzRCUyMmh0dHBzJTNBJTJGJTJGc291bmRjbG91ZC5jb20lMkZtbGZtb25kZSUyRmNvbmdyZXNtbGYtZW1pc3Npb24tMy1yZW5jb250cmVzLWludGVybmF0aW9uYWxlcy1kZXMtd2VicmFkaW9zLXNjb2xhaXJlcyUyMiUyMHRpdGxlJTNEJTIyJTIzQ29uZ3IlQzMlQThzTWxmJTIwJTdDJTIwRW1pc3Npb24lMjAzJTIwLSUyMFJlbmNvbnRyZXMlMjBpbnRlcm5hdGlvbmFsZXMlMjBkZSUyMGxhJTIwV2ViUmFkaW8lMjBzY29sYWlyZSUyMiUyMHRhcmdldCUzRCUyMl9ibGFuayUyMiUyMHN0eWxlJTNEJTIyY29sb3IlM0ElMjAlMjNjY2NjY2MlM0IlMjB0ZXh0LWRlY29yYXRpb24lM0ElMjBub25lJTNCJTIyJTNFJTIzQ29uZ3IlQzMlQThzTWxmJTIwJTdDJTIwRW1pc3Npb24lMjAzJTIwLSUyMFJlbmNvbnRyZXMlMjBpbnRlcm5hdGlvbmFsZXMlMjBkZSUyMGxhJTIwV2ViUmFkaW8lMjBzY29sYWlyZSUzQyUyRmElM0UlM0MlMkZkaXYlM0U=[\/vc_raw_html][vc_zigzag][vc_cta h2=\u00a0\u00bbEmission 4&Prime;]Les rencontres internationales de la web radio scolaire avec Thierry Riera[\/vc_cta][vc_raw_html]JTNDaWZyYW1lJTIwd2lkdGglM0QlMjI1NjAlMjIlMjBoZWlnaHQlM0QlMjIzMTUlMjIlMjBzcmMlM0QlMjJodHRwcyUzQSUyRiUyRnd3dy55b3V0dWJlLmNvbSUyRmVtYmVkJTJGYXppblRrYm9tN2clMjIlMjB0aXRsZSUzRCUyMllvdVR1YmUlMjB2aWRlbyUyMHBsYXllciUyMiUyMGZyYW1lYm9yZGVyJTNEJTIyMCUyMiUyMGFsbG93JTNEJTIyYWNjZWxlcm9tZXRlciUzQiUyMGF1dG9wbGF5JTNCJTIwY2xpcGJvYXJkLXdyaXRlJTNCJTIwZW5jcnlwdGVkLW1lZGlhJTNCJTIwZ3lyb3Njb3BlJTNCJTIwcGljdHVyZS1pbi1waWN0dXJlJTIyJTIwYWxsb3dmdWxsc2NyZWVuJTNFJTNDJTJGaWZyYW1lJTNF[\/vc_raw_html][vc_tta_accordion][vc_tta_section title=\u00a0\u00bbMardi 10 mai\u00a0\u00bb tab_id=\u00a0\u00bb1652195077380-b0a7b8d6-ce63&Prime;][vc_cta h2=\u00a0\u00bbEmission 5&Prime;]<\/p>\n<ul>\n<li><strong>Mod\u00e8le des Nations Unies<\/strong> : Fran\u00e7ois Cornu proviseur Palma.<\/li>\n<li><strong>Comp\u00e9tences 21\u00e8me si\u00e8cles<\/strong> : Fr\u00e9d\u00e9rique Alexandre-Bailly, directrice g\u00e9n\u00e9rale \u2013 Onisep.<\/li>\n<li><strong>Hommage \u00e0 l&rsquo;architecte Khalid Molato, concepteur de plusieurs \u00e9tablissements de la Mlf<\/strong>\u00a0: Jean-Christophe Deberre, ancien directeur g\u00e9n\u00e9ral de la Mlf<\/li>\n<\/ul>\n<p>[\/vc_cta][vc_raw_html]JTNDaWZyYW1lJTIwd2lkdGglM0QlMjIxMDAlMjUlMjIlMjBoZWlnaHQlM0QlMjIzMDAlMjIlMjBzY3JvbGxpbmclM0QlMjJubyUyMiUyMGZyYW1lYm9yZGVyJTNEJTIybm8lMjIlMjBhbGxvdyUzRCUyMmF1dG9wbGF5JTIyJTIwc3JjJTNEJTIyaHR0cHMlM0ElMkYlMkZ3LnNvdW5kY2xvdWQuY29tJTJGcGxheWVyJTJGJTNGdXJsJTNEaHR0cHMlMjUzQSUyRiUyRmFwaS5zb3VuZGNsb3VkLmNvbSUyRnRyYWNrcyUyRjEyNjU3MDg2ODYlMjZjb2xvciUzRCUyNTIzZmY1NTAwJTI2YXV0b19wbGF5JTNEZmFsc2UlMjZoaWRlX3JlbGF0ZWQlM0RmYWxzZSUyNnNob3dfY29tbWVudHMlM0R0cnVlJTI2c2hvd191c2VyJTNEdHJ1ZSUyNnNob3dfcmVwb3N0cyUzRGZhbHNlJTI2c2hvd190ZWFzZXIlM0R0cnVlJTI2dmlzdWFsJTNEdHJ1ZSUyMiUzRSUzQyUyRmlmcmFtZSUzRSUzQ2RpdiUyMHN0eWxlJTNEJTIyZm9udC1zaXplJTNBJTIwMTBweCUzQiUyMGNvbG9yJTNBJTIwJTIzY2NjY2NjJTNCbGluZS1icmVhayUzQSUyMGFueXdoZXJlJTNCd29yZC1icmVhayUzQSUyMG5vcm1hbCUzQm92ZXJmbG93JTNBJTIwaGlkZGVuJTNCd2hpdGUtc3BhY2UlM0ElMjBub3dyYXAlM0J0ZXh0LW92ZXJmbG93JTNBJTIwZWxsaXBzaXMlM0IlMjBmb250LWZhbWlseSUzQSUyMEludGVyc3RhdGUlMkNMdWNpZGElMjBHcmFuZGUlMkNMdWNpZGElMjBTYW5zJTIwVW5pY29kZSUyQ0x1Y2lkYSUyMFNhbnMlMkNHYXJ1ZGElMkNWZXJkYW5hJTJDVGFob21hJTJDc2Fucy1zZXJpZiUzQmZvbnQtd2VpZ2h0JTNBJTIwMTAwJTNCJTIyJTNFJTNDYSUyMGhyZWYlM0QlMjJodHRwcyUzQSUyRiUyRnNvdW5kY2xvdWQuY29tJTJGbWxmbW9uZGUlMjIlMjB0aXRsZSUzRCUyMm1sZm1vbmRlJTIyJTIwdGFyZ2V0JTNEJTIyX2JsYW5rJTIyJTIwc3R5bGUlM0QlMjJjb2xvciUzQSUyMCUyM2NjY2NjYyUzQiUyMHRleHQtZGVjb3JhdGlvbiUzQSUyMG5vbmUlM0IlMjIlM0VtbGZtb25kZSUzQyUyRmElM0UlMjAlQzIlQjclMjAlM0NhJTIwaHJlZiUzRCUyMmh0dHBzJTNBJTJGJTJGc291bmRjbG91ZC5jb20lMkZtbGZtb25kZSUyRmNvbmdyZXNtbGYtZW1pc3Npb24tNSUyMiUyMHRpdGxlJTNEJTIyJTIzQ29uZ3IlQzMlQThzTWxmJTIwJTdDJTIwRW1pc3Npb24lMjA1JTIwLSUyMFJlbmNvbnRyZXMlMjBpbnRlcm5hdGlvbmFsZXMlMjBkZSUyMGxhJTIwV2ViUmFkaW8lMjBzY29sYWlyZSUyMiUyMHRhcmdldCUzRCUyMl9ibGFuayUyMiUyMHN0eWxlJTNEJTIyY29sb3IlM0ElMjAlMjNjY2NjY2MlM0IlMjB0ZXh0LWRlY29yYXRpb24lM0ElMjBub25lJTNCJTIyJTNFJTIzQ29uZ3IlQzMlQThzTWxmJTIwJTdDJTIwRW1pc3Npb24lMjA1JTIwLSUyMFJlbmNvbnRyZXMlMjBpbnRlcm5hdGlvbmFsZXMlMjBkZSUyMGxhJTIwV2ViUmFkaW8lMjBzY29sYWlyZSUzQyUyRmElM0UlM0MlMkZkaXYlM0U=[\/vc_raw_html][vc_zigzag][vc_cta h2=\u00a0\u00bbEmission 6&Prime;]<\/p>\n<ul>\n<li><strong>Profession journaliste et info<\/strong> : Caroline Hayek, journaliste \u00e0 l\u2019Orient-le-jour (Liban) et prix Albert Londres 2021.<\/li>\n<li><strong>La la\u00efcit\u00e9 revendiqu\u00e9e Mlf<\/strong> : Akhesa Moussi, doctorante \u00e0 l\u2019Ecole des hautes \u00e9tudes en sciences sociales de Paris.<\/li>\n<li><strong>Bilan du congr\u00e8s<\/strong> : Fran\u00e7ois Perret, pr\u00e9sident de la Mlf.<\/li>\n<\/ul>\n<p>[\/vc_cta][vc_raw_html]JTNDaWZyYW1lJTIwd2lkdGglM0QlMjIxMDAlMjUlMjIlMjBoZWlnaHQlM0QlMjIzMDAlMjIlMjBzY3JvbGxpbmclM0QlMjJubyUyMiUyMGZyYW1lYm9yZGVyJTNEJTIybm8lMjIlMjBhbGxvdyUzRCUyMmF1dG9wbGF5JTIyJTIwc3JjJTNEJTIyaHR0cHMlM0ElMkYlMkZ3LnNvdW5kY2xvdWQuY29tJTJGcGxheWVyJTJGJTNGdXJsJTNEaHR0cHMlMjUzQSUyRiUyRmFwaS5zb3VuZGNsb3VkLmNvbSUyRnRyYWNrcyUyRjEyNjU3NDQ4OTAlMjZjb2xvciUzRCUyNTIzZmY1NTAwJTI2YXV0b19wbGF5JTNEZmFsc2UlMjZoaWRlX3JlbGF0ZWQlM0RmYWxzZSUyNnNob3dfY29tbWVudHMlM0R0cnVlJTI2c2hvd191c2VyJTNEdHJ1ZSUyNnNob3dfcmVwb3N0cyUzRGZhbHNlJTI2c2hvd190ZWFzZXIlM0R0cnVlJTI2dmlzdWFsJTNEdHJ1ZSUyMiUzRSUzQyUyRmlmcmFtZSUzRSUzQ2RpdiUyMHN0eWxlJTNEJTIyZm9udC1zaXplJTNBJTIwMTBweCUzQiUyMGNvbG9yJTNBJTIwJTIzY2NjY2NjJTNCbGluZS1icmVhayUzQSUyMGFueXdoZXJlJTNCd29yZC1icmVhayUzQSUyMG5vcm1hbCUzQm92ZXJmbG93JTNBJTIwaGlkZGVuJTNCd2hpdGUtc3BhY2UlM0ElMjBub3dyYXAlM0J0ZXh0LW92ZXJmbG93JTNBJTIwZWxsaXBzaXMlM0IlMjBmb250LWZhbWlseSUzQSUyMEludGVyc3RhdGUlMkNMdWNpZGElMjBHcmFuZGUlMkNMdWNpZGElMjBTYW5zJTIwVW5pY29kZSUyQ0x1Y2lkYSUyMFNhbnMlMkNHYXJ1ZGElMkNWZXJkYW5hJTJDVGFob21hJTJDc2Fucy1zZXJpZiUzQmZvbnQtd2VpZ2h0JTNBJTIwMTAwJTNCJTIyJTNFJTNDYSUyMGhyZWYlM0QlMjJodHRwcyUzQSUyRiUyRnNvdW5kY2xvdWQuY29tJTJGbWxmbW9uZGUlMjIlMjB0aXRsZSUzRCUyMm1sZm1vbmRlJTIyJTIwdGFyZ2V0JTNEJTIyX2JsYW5rJTIyJTIwc3R5bGUlM0QlMjJjb2xvciUzQSUyMCUyM2NjY2NjYyUzQiUyMHRleHQtZGVjb3JhdGlvbiUzQSUyMG5vbmUlM0IlMjIlM0VtbGZtb25kZSUzQyUyRmElM0UlMjAlQzIlQjclMjAlM0NhJTIwaHJlZiUzRCUyMmh0dHBzJTNBJTJGJTJGc291bmRjbG91ZC5jb20lMkZtbGZtb25kZSUyRmNvbmdyZXNtbGYtZW1pc3Npb24tNi1yZW5jb250cmVzLWludGVybmF0aW9uYWxlcy1kZS1sYS13ZWJyYWRpby1zY29sYWlyZSUyMiUyMHRpdGxlJTNEJTIyJTIzQ29uZ3IlQzMlQThzTWxmJTIwJTdDJTIwRW1pc3Npb24lMjA2JTIwLSUyMFJlbmNvbnRyZXMlMjBpbnRlcm5hdGlvbmFsZXMlMjBkZSUyMGxhJTIwV2ViUmFkaW8lMjBTY29sYWlyZSUyMiUyMHRhcmdldCUzRCUyMl9ibGFuayUyMiUyMHN0eWxlJTNEJTIyY29sb3IlM0ElMjAlMjNjY2NjY2MlM0IlMjB0ZXh0LWRlY29yYXRpb24lM0ElMjBub25lJTNCJTIyJTNFJTIzQ29uZ3IlQzMlQThzTWxmJTIwJTdDJTIwRW1pc3Npb24lMjA2JTIwLSUyMFJlbmNvbnRyZXMlMjBpbnRlcm5hdGlvbmFsZXMlMjBkZSUyMGxhJTIwV2ViUmFkaW8lMjBTY29sYWlyZSUzQyUyRmElM0UlM0MlMkZkaXYlM0U=[\/vc_raw_html][\/vc_tta_section][\/vc_tta_accordion][\/vc_column][\/vc_row][vc_row][vc_column][vc_cta h2=\u00a0\u00bbEmission sp\u00e9ciale post-congr\u00e8s\u00a0\u00bb color=\u00a0\u00bbpeacoc\u00a0\u00bb]<\/p>\n<p>Les \u00e9l\u00e8ves ayant particip\u00e9 \u00e0 la <a href=\"https:\/\/congres.mlfmonde.org\/rabat2022\/webradio\/\">Webradio du #Congr\u00e8sMlf<\/a> du 8 au 11 mai 2022 ont souhait\u00e9 poursuivre l\u2019aventure.<\/p>\n \n<p>Apr\u00e8s les 6 \u00e9missions r\u00e9alis\u00e9es durant les 3 jours du congr\u00e8s, ces 15 journalistes en herbe ont produit <strong>une \u00e9mission sp\u00e9ciale depuis leur \u00e9tablissement respectif situ\u00e9 soit en France, au Royaume-Uni, au Maroc, en Espagne, au Liban, en \u00c9gypte, ou encore au Bahre\u00efn.<\/strong><\/p>\n \n<p>Cette \u00e9mission marque les liens d\u2019amiti\u00e9 qui se sont nou\u00e9s durant le congr\u00e8s, mais elle est aussi une preuve de l\u2019engagement des \u00e9l\u00e8ves de notre r\u00e9seau sur les parcours citoyen et culturel.<\/p>\n<p>[\/vc_cta][vc_raw_html]JTNDaWZyYW1lJTIwd2lkdGglM0QlMjIxMDAlMjUlMjIlMjBoZWlnaHQlM0QlMjIzMDAlMjIlMjBzY3JvbGxpbmclM0QlMjJubyUyMiUyMGZyYW1lYm9yZGVyJTNEJTIybm8lMjIlMjBhbGxvdyUzRCUyMmF1dG9wbGF5JTIyJTIwc3JjJTNEJTIyaHR0cHMlM0ElMkYlMkZ3LnNvdW5kY2xvdWQuY29tJTJGcGxheWVyJTJGJTNGdXJsJTNEaHR0cHMlMjUzQSUyRiUyRmFwaS5zb3VuZGNsb3VkLmNvbSUyRnRyYWNrcyUyRjEyODcxNzk0MjIlMjZjb2xvciUzRCUyNTIzZmY1NTAwJTI2YXV0b19wbGF5JTNEZmFsc2UlMjZoaWRlX3JlbGF0ZWQlM0RmYWxzZSUyNnNob3dfY29tbWVudHMlM0R0cnVlJTI2c2hvd191c2VyJTNEdHJ1ZSUyNnNob3dfcmVwb3N0cyUzRGZhbHNlJTI2c2hvd190ZWFzZXIlM0R0cnVlJTI2dmlzdWFsJTNEdHJ1ZSUyMiUzRSUzQyUyRmlmcmFtZSUzRSUzQ2RpdiUyMHN0eWxlJTNEJTIyZm9udC1zaXplJTNBJTIwMTBweCUzQiUyMGNvbG9yJTNBJTIwJTIzY2NjY2NjJTNCbGluZS1icmVhayUzQSUyMGFueXdoZXJlJTNCd29yZC1icmVhayUzQSUyMG5vcm1hbCUzQm92ZXJmbG93JTNBJTIwaGlkZGVuJTNCd2hpdGUtc3BhY2UlM0ElMjBub3dyYXAlM0J0ZXh0LW92ZXJmbG93JTNBJTIwZWxsaXBzaXMlM0IlMjBmb250LWZhbWlseSUzQSUyMEludGVyc3RhdGUlMkNMdWNpZGElMjBHcmFuZGUlMkNMdWNpZGElMjBTYW5zJTIwVW5pY29kZSUyQ0x1Y2lkYSUyMFNhbnMlMkNHYXJ1ZGElMkNWZXJkYW5hJTJDVGFob21hJTJDc2Fucy1zZXJpZiUzQmZvbnQtd2VpZ2h0JTNBJTIwMTAwJTNCJTIyJTNFJTNDYSUyMGhyZWYlM0QlMjJodHRwcyUzQSUyRiUyRnNvdW5kY2xvdWQuY29tJTJGbWxmbW9uZGUlMjIlMjB0aXRsZSUzRCUyMm1sZm1vbmRlJTIyJTIwdGFyZ2V0JTNEJTIyX2JsYW5rJTIyJTIwc3R5bGUlM0QlMjJjb2xvciUzQSUyMCUyM2NjY2NjYyUzQiUyMHRleHQtZGVjb3JhdGlvbiUzQSUyMG5vbmUlM0IlMjIlM0VtbGZtb25kZSUzQyUyRmElM0UlMjAlQzIlQjclMjAlM0NhJTIwaHJlZiUzRCUyMmh0dHBzJTNBJTJGJTJGc291bmRjbG91ZC5jb20lMkZtbGZtb25kZSUyRmNvbmdyZXNtbGYtbGVzLWFwcHJlbnRpcy1qb3VybmFsaXN0ZXMtZGUtbGEtd2VicmFkaW8tcmV2aWVubmVudC1zdXItbGV1ci1leHBlcmllbmNlJTIyJTIwdGl0bGUlM0QlMjIlMjNDb25nciVDMyVBOHNNbGYlMjAlN0MlMjBMZXMlMjBhcHByZW50aXMlMjBqb3VybmFsaXN0ZXMlMjBkZSUyMGxhJTIwd2VicmFkaW8lMjByZXZpZW5uZW50JTIwc3VyJTIwbGV1ciUyMGV4cCVDMyVBOXJpZW5jZSUyMiUyMHRhcmdldCUzRCUyMl9ibGFuayUyMiUyMHN0eWxlJTNEJTIyY29sb3IlM0ElMjAlMjNjY2NjY2MlM0IlMjB0ZXh0LWRlY29yYXRpb24lM0ElMjBub25lJTNCJTIyJTNFJTIzQ29uZ3IlQzMlQThzTWxmJTIwJTdDJTIwTGVzJTIwYXBwcmVudGlzJTIwam91cm5hbGlzdGVzJTIwZGUlMjBsYSUyMHdlYnJhZGlvJTIwcmV2aWVubmVudCUyMHN1ciUyMGxldXIlMjBleHAlQzMlQTlyaWVuY2UlM0MlMkZhJTNFJTNDJTJGZGl2JTNF[\/vc_raw_html][\/vc_column][\/vc_row]<\/p>\n<\/div>","protected":false},"excerpt":{"rendered":"<p>[vc_row][vc_column][vc_custom_heading text=\u00a0\u00bbPr\u00e9sentation\u00a0\u00bb font_container=\u00a0\u00bbtag:h2|text_align:left|color:%231792ad\u00a0\u00bb][\/vc_column][\/vc_row][vc_row][vc_column][vc_column_text]L\u2019objectif d\u2019une\u00a0\u00e9ducation aux m\u00e9dias et \u00e0 l\u2019information\u00a0(#EMI) est de permettre aux \u00e9l\u00e8ves de se pr\u00e9parer \u00e0 l\u2019exercice d\u2019une citoyennet\u00e9 \u00e9clair\u00e9e et responsable dans une soci\u00e9t\u00e9 o\u00f9 l\u2019information et la communication sont omnipr\u00e9sentes. Depuis six ans, la Mlf a mis en place des formations webradio dans diff\u00e9rents \u00e9tablissements avec l\u2019aide de Thierry Riera, journaliste [&hellip;]<\/p>\n","protected":false},"author":4,"featured_media":0,"parent":0,"menu_order":0,"comment_status":"closed","ping_status":"closed","template":"","meta":{"footnotes":""},"class_list":["post-5598","page","type-page","status-publish","hentry"],"_links":{"self":[{"href":"https:\/\/congres.mlfmonde.org\/rabat2022\/wp-json\/wp\/v2\/pages\/5598","targetHints":{"allow":["GET"]}}],"collection":[{"href":"https:\/\/congres.mlfmonde.org\/rabat2022\/wp-json\/wp\/v2\/pages"}],"about":[{"href":"https:\/\/congres.mlfmonde.org\/rabat2022\/wp-json\/wp\/v2\/types\/page"}],"author":[{"embeddable":true,"href":"https:\/\/congres.mlfmonde.org\/rabat2022\/wp-json\/wp\/v2\/users\/4"}],"replies":[{"embeddable":true,"href":"https:\/\/congres.mlfmonde.org\/rabat2022\/wp-json\/wp\/v2\/comments?post=5598"}],"version-history":[{"count":26,"href":"https:\/\/congres.mlfmonde.org\/rabat2022\/wp-json\/wp\/v2\/pages\/5598\/revisions"}],"predecessor-version":[{"id":9993,"href":"https:\/\/congres.mlfmonde.org\/rabat2022\/wp-json\/wp\/v2\/pages\/5598\/revisions\/9993"}],"wp:attachment":[{"href":"https:\/\/congres.mlfmonde.org\/rabat2022\/wp-json\/wp\/v2\/media?parent=5598"}],"curies":[{"name":"wp","href":"https:\/\/api.w.org\/{rel}","templated":true}]}}