{"id":5643,"date":"2022-04-18T10:49:12","date_gmt":"2022-04-18T08:49:12","guid":{"rendered":"https:\/\/congres.mlfmonde.org\/rabat2022\/?page_id=5643"},"modified":"2022-05-10T13:57:20","modified_gmt":"2022-05-10T11:57:20","slug":"c-ton-droit","status":"publish","type":"page","link":"https:\/\/congres.mlfmonde.org\/rabat2022\/c-ton-droit\/","title":{"rendered":"C&rsquo;est ton droit !"},"content":{"rendered":"<div class=\"wpb-content-wrapper\"><p>[vc_row][vc_column][vc_cta h2=\u00a0\u00bbSolidarit\u00e9 et entraide\u00a0\u00bb h4=\u00a0\u00bbC&rsquo;est ton droit devient l&rsquo;action \u00e9ducative phare de la Mission la\u00efque fran\u00e7aise, une illustration concr\u00e8te des valeurs de l\u2019association.\u00a0\u00bb]Depuis 2007, le concours\u00a0<em>C\u2019est ton droit!<\/em>\u00a0met en avant un des droits fondamentaux de l\u2019enfant.\u00a0<a href=\"https:\/\/ctondroit.mlfmonde.org\/\" target=\"_blank\" rel=\"noreferrer noopener\">Un site d\u00e9di\u00e9<\/a>\u00a0et la\u00a0<a href=\"https:\/\/webtv.mlfmonde.org\/c-est-ton-droit\/\" target=\"_blank\" rel=\"noreferrer noopener\">WebTV<\/a>\u00a0retracent ce parcours unique. Les \u00e9l\u00e8ves ont pos\u00e9 un regard sensible, r\u00e9fl\u00e9chi et engag\u00e9 sur la condition des enfants dont les droits sont bafou\u00e9s.[\/vc_cta][\/vc_column][\/vc_row][vc_row][vc_column][vc_custom_heading text=\u00a0\u00bbUne action citoyenne au c\u0153ur des droits de l\u2019enfant\u00a0\u00bb font_container=\u00a0\u00bbtag:h2|text_align:left|color:%231792ad\u00a0\u00bb][\/vc_column][\/vc_row][vc_row][vc_column][vc_column_text]Au cours des derni\u00e8res \u00e9ditions, le traitement des sujets et la d\u00e9marche p\u00e9dagogique \u00e9voluent. Encadr\u00e9s par des \u00e9quipes soud\u00e9es, les \u00e9l\u00e8ves d\u00e9montrent leur esprit d\u2019ouverture et leurs comp\u00e9tences linguistiques. Ils sont \u00e9galement en capacit\u00e9 de mener des interviews, \u00e9laborer une enqu\u00eate de terrain, rendre compte d\u2019une r\u00e9alit\u00e9 complexe.<br \/>\nOn retiendra des \u00e9ditions pass\u00e9es l\u2019engagement des \u00e9quipes et des \u00e9l\u00e8ves, davantage que les palmar\u00e8s. Il ne s\u2019agit donc plus d\u2019un concours mais d\u2019une action p\u00e9dagogique \u00e0 part enti\u00e8re, illustrant les comp\u00e9tences de vie et la culture humaniste.[\/vc_column_text][\/vc_column][\/vc_row][vc_row][vc_column][vc_column_text]<em><a href=\"https:\/\/www.mlfmonde.org\/actions_concours\/cest-ton-droit\/\" target=\"_blank\" rel=\"noreferrer noopener\">C\u2019est ton droit !<\/a><\/em>\u00a0est un \u00e9l\u00e9ment fondamental de l\u2019identit\u00e9 de la Mlf. Il s\u2019inscrit dans le<strong>\u00a0parcours citoyen de l\u2019\u00e9l\u00e8ve (EMC, EMI) et le parcours d\u2019\u00e9ducation artistique et culturelle.<\/strong>\u00a0Pour une construction progressive de la citoyennet\u00e9 et \u00e0 l\u2019acquisition d\u2019une culture humaniste.[\/vc_column_text][vc_zigzag][\/vc_column][\/vc_row][vc_row][vc_column][vc_custom_heading text=\u00a0\u00bbUne \u00e9dition centr\u00e9e sur la solidarit\u00e9\u00a0\u00bb font_container=\u00a0\u00bbtag:h2|text_align:left|color:%231792ad\u00a0\u00bb][\/vc_column][\/vc_row][vc_row][vc_column][vc_column_text]L\u2019op\u00e9ration\u00a0<em>C\u2019est ton droit<\/em>! est bas\u00e9e sur la collaboration de l\u2019\u00e9tablissement avec une\u00a0<strong>association locale<\/strong>, sur le territoire de vie de l\u2019\u00e9l\u00e8ve, investie dans la d\u00e9fense des droits de l\u2019enfant. (\u00c9ducation, sant\u00e9, discrimination, expression\u2026). C\u2019est au c\u0153ur de cette association (organisme, fondation, ONG\u2026) que les \u00e9l\u00e8ves et leurs enseignants ont r\u00e9alis\u00e9s leur enqu\u00eate.<\/p>\n<p>L\u2019objectif est de <strong>mettre en avant celles et ceux qui aident chaque jour des enfants<\/strong> \u00e0 construire leur avenir.[\/vc_column_text][vc_column_text]<strong>L&rsquo;\u00e9cole Mlf-Renault de Chenna\u00ef<\/strong> nous propose un reportage au c\u0153ur de l&rsquo;association <a href=\"https:\/\/www.lp4y.org\/\" target=\"_blank\" rel=\"noopener\">Life Project 4 Youth<\/a> qui aide \u00e0 la r\u00e9insertion et la r\u00e9habilitation des jeunes filles\/femmes.[\/vc_column_text][vc_video link=\u00a0\u00bbhttps:\/\/youtu.be\/jP5em01j8Pw\u00a0\u00bb][\/vc_column][\/vc_row][vc_row][vc_column][vc_column_text]Le <strong>Lyc\u00e9e fran\u00e7ais international Jean Charcot<\/strong>, \u00e0 El Jadida, a cr\u00e9\u00e9 un podcast \u00e0 partir d&rsquo;une enqu\u00eate de terrain au <a href=\"https:\/\/www.annalindhfoundation.org\/members\/association-marocaine-daide-lenfant-et-la-famille-amaef-section-el-jadida-centre-dar-al-amal\" target=\"_blank\" rel=\"noopener\">Centre Dar Al Amal<\/a>, association marocaine d\u2019aide \u00e0 l\u2019enfant et \u00e0 la famille qui, depuis 22 ans, \u0153uvre pour et avec des enfants dans une situation de pr\u00e9carit\u00e9.[\/vc_column_text][vc_video link=\u00a0\u00bbhttps:\/\/youtu.be\/V6Osxs-b2eI\u00a0\u00bb][\/vc_column][\/vc_row][vc_row][vc_column][vc_column_text]Le <strong>Lyc\u00e9e Henri Sylvoz<\/strong>, \u00e0 Moanda (Gabon), nous propose une immersion dans l&rsquo;orphelinat de l&rsquo;Arche du sud qui donne une identit\u00e9 aux enfants, les loge, leur donne acc\u00e8s \u00e0 l\u2019\u00e9ducation et les prot\u00e8ge.[\/vc_column_text][vc_cta h2=\u00a0\u00bb\u00a0\u00bb]<a href=\"https:\/\/soundcloud.com\/mlfmonde\/moandroit-au-cur-de-larche-du-salut?utm_source=clipboard&amp;utm_medium=text&amp;utm_campaign=social_sharing\"><img loading=\"lazy\" decoding=\"async\" class=\"alignleft wp-image-9120 size-large\" src=\"http:\/\/congres.mlfmonde.org\/rabat2022\/wp-content\/uploads\/2022\/05\/moandroit-podcast-vignette-1024x576.png\" alt=\"\" width=\"1024\" height=\"576\" srcset=\"https:\/\/congres.mlfmonde.org\/rabat2022\/wp-content\/uploads\/2022\/05\/moandroit-podcast-vignette-1024x576.png 1024w, https:\/\/congres.mlfmonde.org\/rabat2022\/wp-content\/uploads\/2022\/05\/moandroit-podcast-vignette-300x169.png 300w, https:\/\/congres.mlfmonde.org\/rabat2022\/wp-content\/uploads\/2022\/05\/moandroit-podcast-vignette-768x432.png 768w, https:\/\/congres.mlfmonde.org\/rabat2022\/wp-content\/uploads\/2022\/05\/moandroit-podcast-vignette-1536x864.png 1536w, https:\/\/congres.mlfmonde.org\/rabat2022\/wp-content\/uploads\/2022\/05\/moandroit-podcast-vignette.png 1920w\" sizes=\"auto, (max-width: 1024px) 100vw, 1024px\" \/><\/a>[\/vc_cta][\/vc_column][\/vc_row][vc_row][vc_column][vc_cta h2=\u00a0\u00bb\u00a0\u00bb]L&rsquo;\u00e9cole Paul Pascon de La\u00e2youne a initi\u00e9 une relation de partenariat avec l&rsquo;\u00e9cole de filles de Dar El Salam. D\u00e9couvrez le <a href=\"https:\/\/cooperation.osui.org\/?p=171\" target=\"_blank\" rel=\"noopener\">site collaboratif<\/a> qui rend compte de ces rencontres entre les \u00e9l\u00e8ves, les enseignants et les acteurs de terrain.[\/vc_cta][\/vc_column][\/vc_row]<\/p>\n<\/div>","protected":false},"excerpt":{"rendered":"<p>[vc_row][vc_column][vc_cta h2=\u00a0\u00bbSolidarit\u00e9 et entraide\u00a0\u00bb h4=\u00a0\u00bbC&rsquo;est ton droit devient l&rsquo;action \u00e9ducative phare de la Mission la\u00efque fran\u00e7aise, une illustration concr\u00e8te des valeurs de l\u2019association.\u00a0\u00bb]Depuis 2007, le concours\u00a0C\u2019est ton droit!\u00a0met en avant un des droits fondamentaux de l\u2019enfant.\u00a0Un site d\u00e9di\u00e9\u00a0et la\u00a0WebTV\u00a0retracent ce parcours unique. Les \u00e9l\u00e8ves ont pos\u00e9 un regard sensible, r\u00e9fl\u00e9chi et engag\u00e9 sur la condition [&hellip;]<\/p>\n","protected":false},"author":4,"featured_media":0,"parent":0,"menu_order":0,"comment_status":"closed","ping_status":"closed","template":"","meta":{"footnotes":""},"class_list":["post-5643","page","type-page","status-publish","hentry"],"_links":{"self":[{"href":"https:\/\/congres.mlfmonde.org\/rabat2022\/wp-json\/wp\/v2\/pages\/5643","targetHints":{"allow":["GET"]}}],"collection":[{"href":"https:\/\/congres.mlfmonde.org\/rabat2022\/wp-json\/wp\/v2\/pages"}],"about":[{"href":"https:\/\/congres.mlfmonde.org\/rabat2022\/wp-json\/wp\/v2\/types\/page"}],"author":[{"embeddable":true,"href":"https:\/\/congres.mlfmonde.org\/rabat2022\/wp-json\/wp\/v2\/users\/4"}],"replies":[{"embeddable":true,"href":"https:\/\/congres.mlfmonde.org\/rabat2022\/wp-json\/wp\/v2\/comments?post=5643"}],"version-history":[{"count":15,"href":"https:\/\/congres.mlfmonde.org\/rabat2022\/wp-json\/wp\/v2\/pages\/5643\/revisions"}],"predecessor-version":[{"id":9115,"href":"https:\/\/congres.mlfmonde.org\/rabat2022\/wp-json\/wp\/v2\/pages\/5643\/revisions\/9115"}],"wp:attachment":[{"href":"https:\/\/congres.mlfmonde.org\/rabat2022\/wp-json\/wp\/v2\/media?parent=5643"}],"curies":[{"name":"wp","href":"https:\/\/api.w.org\/{rel}","templated":true}]}}