{"id":5645,"date":"2022-04-18T10:49:43","date_gmt":"2022-04-18T08:49:43","guid":{"rendered":"https:\/\/congres.mlfmonde.org\/rabat2022\/?page_id=5645"},"modified":"2022-05-17T17:31:28","modified_gmt":"2022-05-17T15:31:28","slug":"hymne-mlf120","status":"publish","type":"page","link":"https:\/\/congres.mlfmonde.org\/rabat2022\/hymne-mlf120\/","title":{"rendered":"Hymne #Mlf120"},"content":{"rendered":"<div class=\"wpb-content-wrapper\"><p>[vc_row][vc_column][vc_custom_heading text=\u00a0\u00bbUn hymne pour un anniversaire historique\u00a0\u00bb font_container=\u00a0\u00bbtag:h2|text_align:left|color:%231792ad\u00a0\u00bb][\/vc_column][\/vc_row][vc_row][vc_column][vc_column_text]Pour les 120 ans de l&rsquo;association, les \u00e9l\u00e8ves du r\u00e9seau mlfmonde ont travaill\u00e9 en classe sur les mots qui, pour eux, dessinent les valeurs et l&rsquo;histoire du r\u00e9seau.<\/p>\n<p>&#8230;..[\/vc_column_text][vc_column_text]<span style=\"font-weight: 400;\">L&rsquo;hymne sera interpr\u00e9t\u00e9 en ouverture du congr\u00e8s par\u00a0<\/span><span style=\"font-weight: 400;\">la chorale du <\/span><a href=\"https:\/\/www.mlfmonde.org\/etablissements\/lycee-osui-andre-malraux\/\">Lyc\u00e9e fran\u00e7ais international Andr\u00e9 Malraux OSUI<\/a><span style=\"font-weight: 400;\">, compos\u00e9e d\u2019\u00e9l\u00e8ves de 6\u00e8, 5\u00e8, 4\u00e8, 3\u00e8 et 2nde.<\/span><\/p>\n<p><span style=\"font-weight: 400;\">Le ch\u0153ur est men\u00e9 par L<\/span><span style=\"font-weight: 400;\" data-rich-links=\"{&quot;per_n&quot;:&quot;lotfi belhassan&quot;,&quot;per_e&quot;:&quot;lotfi.belhassan@mlfmonde.org&quot;,&quot;type&quot;:&quot;person&quot;}\">otfi Belhassan<\/span><span style=\"font-weight: 400;\">.<\/span><\/p>\n<p><span style=\"font-weight: 400;\">Benjamin Laurent accompagne les accompagnera au piano<\/span><\/p>\n<p><span style=\"font-weight: 400;\">L\u2019hymne des 120 ans a \u00e9t\u00e9 \u00e9crit par Sabine Venaruzzo, \u00e0 partir de mots propos\u00e9s par diff\u00e9rents \u00e9tablissements du r\u00e9seau mlfmonde.<\/span><\/p>\n<p><span style=\"font-weight: 400;\">Benjamin Laurent a compos\u00e9 la musique et les arrangements pour les diff\u00e9rents instruments.<\/span><\/p>\n<p><span style=\"font-weight: 400;\">Deux musiciens professionnels accompagnent \u00e9galement l\u2019hymne, il s\u2019agit de : <\/span><span style=\"font-weight: 400;\">Zahra Regragui, percussionniste <\/span><span style=\"font-weight: 400;\">et\u00a0 <\/span><span style=\"font-weight: 400;\">Hamid Hamid, guitariste.<\/span>[\/vc_column_text][\/vc_column][\/vc_row][vc_row][vc_column][vc_custom_heading text=\u00a0\u00bbLes \u00e9l\u00e8ves du r\u00e9seau mlfmonde chantent l&rsquo;hymne des 120 ans\u00a0\u00bb font_container=\u00a0\u00bbtag:h2|text_align:left|color:%231792ad\u00a0\u00bb][vc_column_text]La chorale du Lyc\u00e9e fran\u00e7ais international Andr\u00e9-Malraux chantent l\u2019hymne des 120 ans lors de la 1ere journ\u00e9e du congr\u00e8s Mlf[\/vc_column_text][vc_empty_space][\/vc_column][\/vc_row][vc_row][vc_column][vc_video link=\u00a0\u00bbhttps:\/\/youtu.be\/Fny8lEi-NKU\u00a0\u00bb][vc_zigzag color=\u00a0\u00bbpeacoc\u00a0\u00bb][\/vc_column][\/vc_row][vc_row][vc_column][vc_column_text]Avec les \u00e9l\u00e8ves du Lyc\u00e9e Fran\u00e7ais International Daudet de Casablanca, le Grand Lyc\u00e9e Franco Libanais de Beyrouth, le Lyc\u00e9e Fran\u00e7ais International d&rsquo;Agadir, le Groupe Scolaire OSUI Eric Tabarly d&rsquo;Essaouira, et le Lyc\u00e9e International Jean-Mermoz d&rsquo;Abidjan[\/vc_column_text][\/vc_column][\/vc_row][vc_row][vc_column][vc_video link=\u00a0\u00bbhttps:\/\/youtu.be\/g0dDJE9D6n4&Prime;][\/vc_column][\/vc_row][vc_row][vc_column][vc_zigzag color=\u00a0\u00bbpeacoc\u00a0\u00bb][vc_column_text]Avec le <span class=\"style-scope yt-formatted-string\" dir=\"auto\">\u00a0Lyc\u00e9e International Jean-Mermoz d&rsquo;Abidjan<\/span>[\/vc_column_text][vc_video link=\u00a0\u00bbhttps:\/\/youtu.be\/R0uIr2jIRdk\u00a0\u00bb][vc_zigzag color=\u00a0\u00bbpeacoc\u00a0\u00bb][vc_column_text]Avec l<span class=\"style-scope yt-formatted-string\" dir=\"auto\">&lsquo;Ecole Fran\u00e7aise de Thessalonique<\/span>[\/vc_column_text][\/vc_column][\/vc_row][vc_row][vc_column][vc_video link=\u00a0\u00bbhttps:\/\/youtu.be\/HYrqi983y_g\u00a0\u00bb][\/vc_column][\/vc_row]<\/p>\n<\/div>","protected":false},"excerpt":{"rendered":"<p>[vc_row][vc_column][vc_custom_heading text=\u00a0\u00bbUn hymne pour un anniversaire historique\u00a0\u00bb font_container=\u00a0\u00bbtag:h2|text_align:left|color:%231792ad\u00a0\u00bb][\/vc_column][\/vc_row][vc_row][vc_column][vc_column_text]Pour les 120 ans de l&rsquo;association, les \u00e9l\u00e8ves du r\u00e9seau mlfmonde ont travaill\u00e9 en classe sur les mots qui, pour eux, dessinent les valeurs et l&rsquo;histoire du r\u00e9seau. &#8230;..[\/vc_column_text][vc_column_text]L&rsquo;hymne sera interpr\u00e9t\u00e9 en ouverture du congr\u00e8s par\u00a0la chorale du Lyc\u00e9e fran\u00e7ais international Andr\u00e9 Malraux OSUI, compos\u00e9e d\u2019\u00e9l\u00e8ves de 6\u00e8, [&hellip;]<\/p>\n","protected":false},"author":4,"featured_media":0,"parent":0,"menu_order":0,"comment_status":"closed","ping_status":"closed","template":"","meta":{"footnotes":""},"class_list":["post-5645","page","type-page","status-publish","hentry"],"_links":{"self":[{"href":"https:\/\/congres.mlfmonde.org\/rabat2022\/wp-json\/wp\/v2\/pages\/5645","targetHints":{"allow":["GET"]}}],"collection":[{"href":"https:\/\/congres.mlfmonde.org\/rabat2022\/wp-json\/wp\/v2\/pages"}],"about":[{"href":"https:\/\/congres.mlfmonde.org\/rabat2022\/wp-json\/wp\/v2\/types\/page"}],"author":[{"embeddable":true,"href":"https:\/\/congres.mlfmonde.org\/rabat2022\/wp-json\/wp\/v2\/users\/4"}],"replies":[{"embeddable":true,"href":"https:\/\/congres.mlfmonde.org\/rabat2022\/wp-json\/wp\/v2\/comments?post=5645"}],"version-history":[{"count":7,"href":"https:\/\/congres.mlfmonde.org\/rabat2022\/wp-json\/wp\/v2\/pages\/5645\/revisions"}],"predecessor-version":[{"id":9966,"href":"https:\/\/congres.mlfmonde.org\/rabat2022\/wp-json\/wp\/v2\/pages\/5645\/revisions\/9966"}],"wp:attachment":[{"href":"https:\/\/congres.mlfmonde.org\/rabat2022\/wp-json\/wp\/v2\/media?parent=5645"}],"curies":[{"name":"wp","href":"https:\/\/api.w.org\/{rel}","templated":true}]}}