{"id":10147,"date":"2023-05-02T14:45:12","date_gmt":"2023-05-02T12:45:12","guid":{"rendered":"https:\/\/congres.mlfmonde.org\/reims2023\/?page_id=10147"},"modified":"2023-05-23T15:42:07","modified_gmt":"2023-05-23T13:42:07","slug":"videos","status":"publish","type":"page","link":"https:\/\/congres.mlfmonde.org\/reims2023\/videos\/","title":{"rendered":"Vid\u00e9os"},"content":{"rendered":"<div class=\"wpb-content-wrapper\"><p>[vc_row][vc_column][vc_column_text]<\/p>\r\n<p>Retrouvez ici des capsules vid\u00e9os mettant en valeur les mots des intervenants pr\u00e9sents et les replays des conf\u00e9rences du congr\u00e8s.<\/p>\r\n<p><!-- \/wp:post-content -->\u00a0<\/p>\r\n<!-- wp:spacer -->\r\n<div class=\"wp-block-spacer\" style=\"height: 100px;\" aria-hidden=\"true\">\u00a0<\/div>\r\n<!-- \/wp:spacer -->\r\n<p>&nbsp;<\/p>\r\n<p>[\/vc_column_text][\/vc_column][\/vc_row][vc_row][vc_column][vc_column_text]<\/p>\r\n<div style=\"width: 1920px;\" class=\"wp-video\"><video class=\"wp-video-shortcode\" id=\"video-10147-1\" width=\"1920\" height=\"1080\" preload=\"metadata\" controls=\"controls\"><source type=\"video\/mp4\" src=\"https:\/\/congres.mlfmonde.org\/reims2023\/wp-content\/uploads\/2023\/05\/Untitled.mp4?_=1\" \/><a href=\"https:\/\/congres.mlfmonde.org\/reims2023\/wp-content\/uploads\/2023\/05\/Untitled.mp4\">https:\/\/congres.mlfmonde.org\/reims2023\/wp-content\/uploads\/2023\/05\/Untitled.mp4<\/a><\/video><\/div>\r\n<p>[\/vc_column_text][vc_column_text]<\/p>\r\n<div style=\"width: 1920px;\" class=\"wp-video\"><video class=\"wp-video-shortcode\" id=\"video-10147-2\" width=\"1920\" height=\"1080\" preload=\"metadata\" controls=\"controls\"><source type=\"video\/mp4\" src=\"https:\/\/congres.mlfmonde.org\/reims2023\/wp-content\/uploads\/2023\/05\/Untitled-1.mp4?_=2\" \/><a href=\"https:\/\/congres.mlfmonde.org\/reims2023\/wp-content\/uploads\/2023\/05\/Untitled-1.mp4\">https:\/\/congres.mlfmonde.org\/reims2023\/wp-content\/uploads\/2023\/05\/Untitled-1.mp4<\/a><\/video><\/div>\r\n<p>[\/vc_column_text][vc_column_text]<\/p>\r\n<div style=\"width: 1920px;\" class=\"wp-video\"><video class=\"wp-video-shortcode\" id=\"video-10147-3\" width=\"1920\" height=\"1080\" preload=\"metadata\" controls=\"controls\"><source type=\"video\/mp4\" src=\"https:\/\/congres.mlfmonde.org\/reims2023\/wp-content\/uploads\/2023\/05\/Untitled-2.mp4?_=3\" \/><a href=\"https:\/\/congres.mlfmonde.org\/reims2023\/wp-content\/uploads\/2023\/05\/Untitled-2.mp4\">https:\/\/congres.mlfmonde.org\/reims2023\/wp-content\/uploads\/2023\/05\/Untitled-2.mp4<\/a><\/video><\/div>\r\n<p>[\/vc_column_text][vc_column_text]<\/p>\r\n<div style=\"width: 1920px;\" class=\"wp-video\"><video class=\"wp-video-shortcode\" id=\"video-10147-4\" width=\"1920\" height=\"1080\" preload=\"metadata\" controls=\"controls\"><source type=\"video\/mp4\" src=\"https:\/\/congres.mlfmonde.org\/reims2023\/wp-content\/uploads\/2023\/05\/rendu_1080-1.mp4?_=4\" \/><a href=\"https:\/\/congres.mlfmonde.org\/reims2023\/wp-content\/uploads\/2023\/05\/rendu_1080-1.mp4\">https:\/\/congres.mlfmonde.org\/reims2023\/wp-content\/uploads\/2023\/05\/rendu_1080-1.mp4<\/a><\/video><\/div>\r\n<p>[\/vc_column_text][\/vc_column][\/vc_row]<\/p><\/div>","protected":false},"excerpt":{"rendered":"<p>[vc_row][vc_column][vc_column_text] Retrouvez ici des capsules vid\u00e9os mettant en valeur les mots des intervenants pr\u00e9sents et les replays des conf\u00e9rences du congr\u00e8s. \u00a0 \u00a0 &nbsp; [\/vc_column_text][\/vc_column][\/vc_row][vc_row][vc_column][vc_column_text] [\/vc_column_text][vc_column_text] [\/vc_column_text][vc_column_text] [\/vc_column_text][vc_column_text] [\/vc_column_text][\/vc_column][\/vc_row]<\/p>\n","protected":false},"author":15,"featured_media":0,"parent":0,"menu_order":0,"comment_status":"closed","ping_status":"closed","template":"","meta":{"footnotes":""},"class_list":["post-10147","page","type-page","status-publish","hentry"],"_links":{"self":[{"href":"https:\/\/congres.mlfmonde.org\/reims2023\/wp-json\/wp\/v2\/pages\/10147","targetHints":{"allow":["GET"]}}],"collection":[{"href":"https:\/\/congres.mlfmonde.org\/reims2023\/wp-json\/wp\/v2\/pages"}],"about":[{"href":"https:\/\/congres.mlfmonde.org\/reims2023\/wp-json\/wp\/v2\/types\/page"}],"author":[{"embeddable":true,"href":"https:\/\/congres.mlfmonde.org\/reims2023\/wp-json\/wp\/v2\/users\/15"}],"replies":[{"embeddable":true,"href":"https:\/\/congres.mlfmonde.org\/reims2023\/wp-json\/wp\/v2\/comments?post=10147"}],"version-history":[{"count":17,"href":"https:\/\/congres.mlfmonde.org\/reims2023\/wp-json\/wp\/v2\/pages\/10147\/revisions"}],"predecessor-version":[{"id":10765,"href":"https:\/\/congres.mlfmonde.org\/reims2023\/wp-json\/wp\/v2\/pages\/10147\/revisions\/10765"}],"wp:attachment":[{"href":"https:\/\/congres.mlfmonde.org\/reims2023\/wp-json\/wp\/v2\/media?parent=10147"}],"curies":[{"name":"wp","href":"https:\/\/api.w.org\/{rel}","templated":true}]}}