{"id":5555,"date":"2022-04-17T22:33:27","date_gmt":"2022-04-17T20:33:27","guid":{"rendered":"https:\/\/congres.mlfmonde.org\/reims2023\/?page_id=5555"},"modified":"2023-05-11T12:11:12","modified_gmt":"2023-05-11T10:11:12","slug":"a-propos-de-la-mission-laique-francaise","status":"publish","type":"page","link":"https:\/\/congres.mlfmonde.org\/reims2023\/a-propos-de-la-mission-laique-francaise\/","title":{"rendered":"\u00c0 propos de la Mission la\u00efque fran\u00e7aise"},"content":{"rendered":"<div class=\"wpb-content-wrapper\"><p>[vc_row][vc_column][vc_column_text]<\/p>\n<div style=\"width: 1920px;\" class=\"wp-video\"><video class=\"wp-video-shortcode\" id=\"video-5555-1\" width=\"1920\" height=\"1080\" preload=\"metadata\" controls=\"controls\"><source type=\"video\/mp4\" src=\"https:\/\/congres.mlfmonde.org\/reims2023\/wp-content\/uploads\/2023\/05\/Rapport_dactivite_4-1.mp4?_=1\" \/><a href=\"https:\/\/congres.mlfmonde.org\/reims2023\/wp-content\/uploads\/2023\/05\/Rapport_dactivite_4-1.mp4\">https:\/\/congres.mlfmonde.org\/reims2023\/wp-content\/uploads\/2023\/05\/Rapport_dactivite_4-1.mp4<\/a><\/video><\/div>\n<p>[\/vc_column_text][\/vc_column][\/vc_row][vc_row][vc_column][vc_column_text]La Mission la\u00efque fran\u00e7aise est une<strong>\u00a0association \u00e0 but non lucratif reconnue d\u2019utilit\u00e9 publique<\/strong>.<br \/>\nElle est \u00e0 la t\u00eate d\u2019un r\u00e9seau de 108 \u00e9tablissements d\u2019enseignement fran\u00e7ais \u00e0 l\u2019\u00e9tranger, scolarisant plus de 60 000 \u00e9l\u00e8ves dans 33 pays.<br \/>\nElle m\u00e8ne \u00e9galement 23 actions de coop\u00e9ration \u00e9ducative dans 11 pays.[\/vc_column_text][\/vc_column][\/vc_row][vc_row][vc_column][vc_column_text]<strong>Au Maroc<\/strong>, la Mlf est implant\u00e9e sous le sigle OSUI (Office scolaire et universitaire international), association soeur \u00e0 but non lucratif cr\u00e9\u00e9e en 1996.<\/p>\n<p><strong>En C\u00f4te d\u2019Ivoire<\/strong>, la Mission la\u00efque C\u00f4te d\u2019Ivoire (MLCI) a \u00e9t\u00e9 cr\u00e9\u00e9e en 2014 pour g\u00e9rer le Lyc\u00e9e international Jean-Mermoz d\u2019Abidjan. Cette association de droit ivoirien \u00e0 but non lucratif poursuit en C\u00f4te d\u2019Ivoire les objectifs de la Mission la\u00efque fran\u00e7aise.<\/p>\n<p><strong>Aux Etats-Uni<\/strong>s,\u00a0Mlf\u00a0America, soci\u00e9t\u00e9 \u00e0 but non lucratif incorpor\u00e9e au Texas, r\u00e9unit et g\u00e8re toutes les activit\u00e9s de la Mission la\u00efque fran\u00e7aise dans la zone am\u00e9ricaine et assure le lien permanent avec les services du si\u00e8ge \u00e0 Paris.[\/vc_column_text][\/vc_column][\/vc_row][vc_row][vc_column][vc_btn title=\u00a0\u00bbD\u00e9couvrir notre actualit\u00e9\u00a0\u00bb shape=\u00a0\u00bbround\u00a0\u00bb color=\u00a0\u00bbpeacoc\u00a0\u00bb size=\u00a0\u00bblg\u00a0\u00bb align=\u00a0\u00bbcenter\u00a0\u00bb link=\u00a0\u00bburl:https%3A%2F%2Fwww.mlfmonde.org%2F\u00a0\u00bb][\/vc_column][\/vc_row][vc_row][vc_column][vc_column_text]En 2020, la Mlf a lanc\u00e9 les deux premiers c<strong>entres de d\u00e9veloppement professionnel et de formations<\/strong>\u00a0des m\u00e9tiers de l\u2019\u00e9ducation (CDP) en C\u00f4te d\u2019Ivoire et au Maroc.[\/vc_column_text][\/vc_column][\/vc_row][vc_row][vc_column][vc_btn title=\u00a0\u00bbD\u00e9couvrir nos centres\u00a0\u00bb shape=\u00a0\u00bbround\u00a0\u00bb color=\u00a0\u00bbpeacoc\u00a0\u00bb size=\u00a0\u00bblg\u00a0\u00bb align=\u00a0\u00bbcenter\u00a0\u00bb link=\u00a0\u00bburl:https%3A%2F%2Fcdp.mlfmonde.org%2F\u00a0\u00bb][\/vc_column][\/vc_row][vc_row][vc_column][vc_separator][\/vc_column][\/vc_row][vc_row][vc_column][vc_video link=\u00a0\u00bbhttps:\/\/youtu.be\/FHVRyvJ26Cc\u00a0\u00bb][\/vc_column][\/vc_row]<\/p>\n<\/div>","protected":false},"excerpt":{"rendered":"<p>[vc_row][vc_column][vc_column_text] [\/vc_column_text][\/vc_column][\/vc_row][vc_row][vc_column][vc_column_text]La Mission la\u00efque fran\u00e7aise est une\u00a0association \u00e0 but non lucratif reconnue d\u2019utilit\u00e9 publique. Elle est \u00e0 la t\u00eate d\u2019un r\u00e9seau de 108 \u00e9tablissements d\u2019enseignement fran\u00e7ais \u00e0 l\u2019\u00e9tranger, scolarisant plus de 60 000 \u00e9l\u00e8ves dans 33 pays. Elle m\u00e8ne \u00e9galement 23 actions de coop\u00e9ration \u00e9ducative dans 11 pays.[\/vc_column_text][\/vc_column][\/vc_row][vc_row][vc_column][vc_column_text]Au Maroc, la Mlf est implant\u00e9e sous le [&hellip;]<\/p>\n","protected":false},"author":3,"featured_media":5568,"parent":0,"menu_order":0,"comment_status":"closed","ping_status":"closed","template":"","meta":{"footnotes":""},"class_list":["post-5555","page","type-page","status-publish","has-post-thumbnail","hentry"],"_links":{"self":[{"href":"https:\/\/congres.mlfmonde.org\/reims2023\/wp-json\/wp\/v2\/pages\/5555","targetHints":{"allow":["GET"]}}],"collection":[{"href":"https:\/\/congres.mlfmonde.org\/reims2023\/wp-json\/wp\/v2\/pages"}],"about":[{"href":"https:\/\/congres.mlfmonde.org\/reims2023\/wp-json\/wp\/v2\/types\/page"}],"author":[{"embeddable":true,"href":"https:\/\/congres.mlfmonde.org\/reims2023\/wp-json\/wp\/v2\/users\/3"}],"replies":[{"embeddable":true,"href":"https:\/\/congres.mlfmonde.org\/reims2023\/wp-json\/wp\/v2\/comments?post=5555"}],"version-history":[{"count":18,"href":"https:\/\/congres.mlfmonde.org\/reims2023\/wp-json\/wp\/v2\/pages\/5555\/revisions"}],"predecessor-version":[{"id":10707,"href":"https:\/\/congres.mlfmonde.org\/reims2023\/wp-json\/wp\/v2\/pages\/5555\/revisions\/10707"}],"wp:featuredmedia":[{"embeddable":true,"href":"https:\/\/congres.mlfmonde.org\/reims2023\/wp-json\/wp\/v2\/media\/5568"}],"wp:attachment":[{"href":"https:\/\/congres.mlfmonde.org\/reims2023\/wp-json\/wp\/v2\/media?parent=5555"}],"curies":[{"name":"wp","href":"https:\/\/api.w.org\/{rel}","templated":true}]}}