{"id":5574,"date":"2022-04-17T22:53:15","date_gmt":"2022-04-17T20:53:15","guid":{"rendered":"https:\/\/congres.mlfmonde.org\/reims2023\/?page_id=5574"},"modified":"2023-05-10T15:38:58","modified_gmt":"2023-05-10T13:38:58","slug":"informations-pratiques","status":"publish","type":"page","link":"https:\/\/congres.mlfmonde.org\/reims2023\/informations-pratiques\/","title":{"rendered":"Informations pratiques"},"content":{"rendered":"<div class=\"wpb-content-wrapper\"><p>[vc_row][vc_column][vc_custom_heading text=\u00a0\u00bbTh\u00e8me du congr\u00e8s\u00a0\u00bb font_container=\u00a0\u00bbtag:h2|text_align:left|color:%23e2007a\u00a0\u00bb][\/vc_column][\/vc_row][vc_row][vc_column][vc_column_text]Enseigner la v\u00e9rit\u00e9 ? Un d\u00e9fi toujours renouvel\u00e9[\/vc_column_text][vc_custom_heading text=\u00a0\u00bbDate\u00a0\u00bb font_container=\u00a0\u00bbtag:h2|text_align:left|color:%23e2007a\u00a0\u00bb][vc_column_text]du 14 au 16 mai 2023[\/vc_column_text][vc_custom_heading text=\u00a0\u00bbHoraires\u00a0\u00bb font_container=\u00a0\u00bbtag:h2|text_align:left|color:%23e2007a\u00a0\u00bb][vc_column_text]<\/p>\n<ul>\n<li>Ouverture : 8h30<\/li>\n<li>Fermeture : 18h<\/li>\n<\/ul>\n<p>[\/vc_column_text][vc_custom_heading text=\u00a0\u00bbLocalisation\u00a0\u00bb font_container=\u00a0\u00bbtag:h2|text_align:left|color:%23e2007a\u00a0\u00bb][\/vc_column][\/vc_row][vc_row][vc_column][vc_gmaps link=\u00a0\u00bbhttps:\/\/www.google.com\/maps\/embed?pb=!1m18!1m12!1m3!1d2604.254989096909!2d4.0176653768432375!3d49.2526126728825!2m3!1f0!2f0!3f0!3m2!1i1024!2i768!4f13.1!3m3!1m2!1s0x47e974ff06ec0567%3A0x98e880ffcdfd9911!2sCentre%20des%20Congr%C3%A8s%20de%20Reims!5e0!3m2!1sfr!2sfr!4v1683023439186!5m2!1sfr!2sfr\u00a0\u00bb][\/vc_column][\/vc_row][vc_row][vc_column width=\u00a0\u00bb1\/2&Prime;][vc_facebook type=\u00a0\u00bbbutton_count\u00a0\u00bb][\/vc_column][vc_column width=\u00a0\u00bb1\/2&Prime;][vc_tweetmeme type=\u00a0\u00bbhashtag\u00a0\u00bb hashtag_hash=\u00a0\u00bb#Congr\u00e8sMlf\u00a0\u00bb][\/vc_column][\/vc_row]<\/p>\n<\/div>","protected":false},"excerpt":{"rendered":"<p>[vc_row][vc_column][vc_custom_heading text=\u00a0\u00bbTh\u00e8me du congr\u00e8s\u00a0\u00bb font_container=\u00a0\u00bbtag:h2|text_align:left|color:%23e2007a\u00a0\u00bb][\/vc_column][\/vc_row][vc_row][vc_column][vc_column_text]Enseigner la v\u00e9rit\u00e9 ? Un d\u00e9fi toujours renouvel\u00e9[\/vc_column_text][vc_custom_heading text=\u00a0\u00bbDate\u00a0\u00bb font_container=\u00a0\u00bbtag:h2|text_align:left|color:%23e2007a\u00a0\u00bb][vc_column_text]du 14 au 16 mai 2023[\/vc_column_text][vc_custom_heading text=\u00a0\u00bbHoraires\u00a0\u00bb font_container=\u00a0\u00bbtag:h2|text_align:left|color:%23e2007a\u00a0\u00bb][vc_column_text] Ouverture : 8h30 Fermeture : 18h [\/vc_column_text][vc_custom_heading text=\u00a0\u00bbLocalisation\u00a0\u00bb font_container=\u00a0\u00bbtag:h2|text_align:left|color:%23e2007a\u00a0\u00bb][\/vc_column][\/vc_row][vc_row][vc_column][vc_gmaps link=\u00a0\u00bbhttps:\/\/www.google.com\/maps\/embed?pb=!1m18!1m12!1m3!1d2604.254989096909!2d4.0176653768432375!3d49.2526126728825!2m3!1f0!2f0!3f0!3m2!1i1024!2i768!4f13.1!3m3!1m2!1s0x47e974ff06ec0567%3A0x98e880ffcdfd9911!2sCentre%20des%20Congr%C3%A8s%20de%20Reims!5e0!3m2!1sfr!2sfr!4v1683023439186!5m2!1sfr!2sfr\u00a0\u00bb][\/vc_column][\/vc_row][vc_row][vc_column width=\u00a0\u00bb1\/2&Prime;][vc_facebook type=\u00a0\u00bbbutton_count\u00a0\u00bb][\/vc_column][vc_column width=\u00a0\u00bb1\/2&Prime;][vc_tweetmeme type=\u00a0\u00bbhashtag\u00a0\u00bb hashtag_hash=\u00a0\u00bb#Congr\u00e8sMlf\u00a0\u00bb][\/vc_column][\/vc_row]<\/p>\n","protected":false},"author":3,"featured_media":0,"parent":0,"menu_order":0,"comment_status":"closed","ping_status":"closed","template":"","meta":{"footnotes":""},"class_list":["post-5574","page","type-page","status-publish","hentry"],"_links":{"self":[{"href":"https:\/\/congres.mlfmonde.org\/reims2023\/wp-json\/wp\/v2\/pages\/5574","targetHints":{"allow":["GET"]}}],"collection":[{"href":"https:\/\/congres.mlfmonde.org\/reims2023\/wp-json\/wp\/v2\/pages"}],"about":[{"href":"https:\/\/congres.mlfmonde.org\/reims2023\/wp-json\/wp\/v2\/types\/page"}],"author":[{"embeddable":true,"href":"https:\/\/congres.mlfmonde.org\/reims2023\/wp-json\/wp\/v2\/users\/3"}],"replies":[{"embeddable":true,"href":"https:\/\/congres.mlfmonde.org\/reims2023\/wp-json\/wp\/v2\/comments?post=5574"}],"version-history":[{"count":9,"href":"https:\/\/congres.mlfmonde.org\/reims2023\/wp-json\/wp\/v2\/pages\/5574\/revisions"}],"predecessor-version":[{"id":10669,"href":"https:\/\/congres.mlfmonde.org\/reims2023\/wp-json\/wp\/v2\/pages\/5574\/revisions\/10669"}],"wp:attachment":[{"href":"https:\/\/congres.mlfmonde.org\/reims2023\/wp-json\/wp\/v2\/media?parent=5574"}],"curies":[{"name":"wp","href":"https:\/\/api.w.org\/{rel}","templated":true}]}}