{"id":5611,"date":"2022-04-18T00:40:12","date_gmt":"2022-04-17T22:40:12","guid":{"rendered":"https:\/\/congres.mlfmonde.org\/reims2023\/?page_id=5611"},"modified":"2023-05-11T17:45:42","modified_gmt":"2023-05-11T15:45:42","slug":"travaux-des-etablissements-mlfmonde","status":"publish","type":"page","link":"https:\/\/congres.mlfmonde.org\/reims2023\/travaux-des-etablissements-mlfmonde\/","title":{"rendered":"Travaux des \u00e9tablissements"},"content":{"rendered":"<div class=\"wpb-content-wrapper\"><p>[vc_row][vc_column][vc_custom_heading text=\u00a0\u00bbProjets p\u00e9dagogiques pr\u00e9sent\u00e9s lors du congr\u00e8s, \u00e0 d\u00e9couvrir\u00a0\u00bb font_container=\u00a0\u00bbtag:h2|text_align:left|color:%23e2007a\u00a0\u00bb][vc_column_text]Education \u00e0 l&rsquo;environnement et au d\u00e9veloppement durable, politique des langues, la\u00efcit\u00e9, interculturalit\u00e9, usages du num\u00e9rique, inclusion, engagement des \u00e9l\u00e8ves&#8230; Le congr\u00e8s sera l&rsquo;occasion de d\u00e9couvrir les projets innovants des \u00e9tablissements du r\u00e9seau mlfmonde[\/vc_column_text][vc_zigzag][\/vc_column][\/vc_row][vc_row][vc_column][vc_custom_heading text=\u00a0\u00bbLyc\u00e9e fran\u00e7ais &#8211; Mlf &#8211; Ren\u00e9-Verneau, Gran Canaria `{`R\u00e9seau Espagne`}`\u00a0\u00bb font_container=\u00a0\u00bbtag:h2|text_align:left|color:%234b2582&Prime;][vc_column_text]Le <a href=\"https:\/\/www.mlfmonde.org\/etablissements\/lycee-francais-mlf-rene-verneau\/\">lyc\u00e9e fran\u00e7ais international de Gran Canaria (LFIGC)<\/a>, a lanc\u00e9 au mois de f\u00e9vrier 2023 le projet \u00ab L&rsquo;educacion vuela \u2013 L\u2019\u00e9ducation s\u2019envole \u00bb : une initiative sociale et \u00e9ducative, imagin\u00e9e et con\u00e7ue pour des \u00e9changes, une transmission de connaissances et de v\u00e9cus entre les \u00e9l\u00e8ves et les personnes \u00e2g\u00e9es de la r\u00e9sidence de Taliarte. <a href=\"https:\/\/www.mlfmonde.org\/le-lycee-francais-international-de-gran-canaria-lance-la-educacion-vuela-un-projet-social-et-educatif-autour-de-la-transmission-de-connaissances-entre-les-eleves-et-les-personnes-agees\/\">En savoir plus<\/a><\/p>\n<div style=\"width: 1280px;\" class=\"wp-video\"><video class=\"wp-video-shortcode\" id=\"video-5611-1\" width=\"1280\" height=\"720\" preload=\"metadata\" controls=\"controls\"><source type=\"video\/mp4\" src=\"https:\/\/congres.mlfmonde.org\/reims2023\/wp-content\/uploads\/2023\/05\/Educacion-vuela-video.mp4?_=1\" \/><a href=\"https:\/\/congres.mlfmonde.org\/reims2023\/wp-content\/uploads\/2023\/05\/Educacion-vuela-video.mp4\">https:\/\/congres.mlfmonde.org\/reims2023\/wp-content\/uploads\/2023\/05\/Educacion-vuela-video.mp4<\/a><\/video><\/div>\n<p>[\/vc_column_text][vc_zigzag][vc_row_inner][vc_column_inner width=\u00a0\u00bb5\/6&Prime;][vc_custom_heading text=\u00a0\u00bbLyc\u00e9e fran\u00e7ais international Andr\u00e9-Malraux, Rabat `{`R\u00e9seau OSUI`}`\u00a0\u00bb font_container=\u00a0\u00bbtag:h2|text_align:left|color:%234b2582&Prime;][vc_column_text]D\u00e9couvrez les projets du Lyc\u00e9e Fran\u00e7ais International Andr\u00e9-Malraux (Rabat, Maroc). <strong><a href=\"https:\/\/congres.mlfmonde.org\/reims2023\/wp-content\/uploads\/2023\/05\/LFIAM.pdf\">LFIAM (visuels \u00e0 t\u00e9l\u00e9charger)<\/a><\/strong><\/p>\n<p><strong>Plastic Odyssey &#8211; <\/strong>Dans le cadre de notre politique E3D, une sortie a \u00e9t\u00e9 organis\u00e9e pour visiter le bateau-laboratoire \u00ab\u00a0Plastic Odyssey\u00a0\u00bb avec des \u00e9l\u00e8ves de CE2 &#8211; CM1 et CM2 ainsi que 10 \u00e9co-d\u00e9l\u00e9gu\u00e9s du secondaire. Ce bateau de 40 m\u00e8tres con\u00e7u pour d\u00e9couvrir et d\u00e9velopper des solutions simples de r\u00e9duction de la pollution plastique des oc\u00e9ans a en effet fait escale \u00e0 Tanger.<\/p>\n<p><a href=\"https:\/\/www.instagram.com\/reel\/CnzTEo2KD9u\/?utm_source=ig_web_copy_link\">Voir le post Instagram &#8211; Plastic Odyssey<\/a><\/p>\n<p><strong>Les nuits de la Lecture &#8211; <\/strong>La lecture est au c\u0153ur des apprentissages du LFIAM. Le 20 janvier, tout au long de la soir\u00e9e, les \u00e9l\u00e8ves de la maternelle \u00e0 la terminale ont partag\u00e9 des lectures et anim\u00e9 des ateliers en fran\u00e7ais, arabe, anglais et espagnol avant de terminer par un beau spectacle dans l&rsquo;amphith\u00e9\u00e2tre.<\/p>\n<p><a href=\"https:\/\/view.genial.ly\/6399a0ccb8310d0019464ec4\/interactive-image-untitled-genially\">Voir &#8211; Nuits de la Lecture<\/a><\/p>\n<p><strong>Pour la web radio et la web TV &#8211; <\/strong>Les \u00e9l\u00e8ves de CM2 du LFIAM\u00a0sont des grands producteurs de podcacsts et de vid\u00e9os.\u00a0D\u00e9couvrez Le\u00e7ons d\u2019histoires, Histoire des arts et albums de litt\u00e9rature de jeunesse mis en voix pour les \u00e9missions de la web radio.<\/p>\n<p><a href=\"https:\/\/view.genial.ly\/64172b50da54e30018ffb06d\/presentation-histoire-de-toile-johannes-vermeer\">Pr\u00e9sentation &#8211; Histoire de toile &#8211; Johannes Vermeer<\/a><\/p>\n<p><a href=\"https:\/\/view.genial.ly\/638ba36185b6370010097123\/presentation-photoscopie-6e-saison\">Pr\u00e9sentation &#8211; PHOTOscopie &#8211; 6e saison<\/a><\/p>\n<p><a href=\"https:\/\/view.genial.ly\/63c2a9176b29a70018ed685c\/presentation-le-secret-des-livres-saison-2\">Pr\u00e9sentation &#8211; Le Secret des livres &#8211; Saison 2<\/a><\/p>\n<p><strong>La nuit des math\u00e9matiques &#8211; <\/strong>Parce que les math\u00e9matiques sont une aventure de vie au LFIAM, les \u00e9l\u00e8ves de 3\u00e8me leur ont consacr\u00e9 une prestation th\u00e9\u00e2trale intitul\u00e9e \u00ab\u00a0L&rsquo;homme qui calculait\u00a0\u00bb.<\/p>\n<p><strong>La nuit de la G\u00e9o &#8211; <\/strong>Au programme de la Nuit de la G\u00e9o au <a href=\"https:\/\/www.facebook.com\/lfimalrauxrabat?__cft__%5b0%5d=AZVmqzisWHJEbh7JLqHuV525zv6MIhCd0eGwV39XhEYgukGNefcNLX0sd58DVaz9rEpEw9OY5R-j9t7ulBy7YvYHg6HWI2ksZ0ubFMdnMTfdXo1kZR1z8y4kWP3i3WVrVvzOQeezO4poutYNqSnFHn8tOdcQkHfgxNBOnlUOIpobX2v78U8Pw7q-bk9vNxZHkj8&amp;__tn__=-%5dK-R\">Lyc\u00e9e fran\u00e7ais international Andr\u00e9-Malraux<\/a> des ateliers : exploration g\u00e9ographique, le Maroc en 3D, apprenti cartographe, rallye g\u00e9ographique, un Ftour du monde et un grand jeu de concours de culture g\u00e9n\u00e9rale.[\/vc_column_text][\/vc_column_inner][vc_column_inner width=\u00a0\u00bb1\/6&Prime;][vc_separator color=\u00a0\u00bbwhite\u00a0\u00bb][vc_single_image image=\u00a0\u00bb10641&Prime;][vc_single_image image=\u00a0\u00bb10652&Prime;][vc_single_image image=\u00a0\u00bb10642&Prime;][vc_single_image image=\u00a0\u00bb10640&Prime; onclick=\u00a0\u00bbimg_link_large\u00a0\u00bb][vc_single_image image=\u00a0\u00bb10658&Prime;][\/vc_column_inner][\/vc_row_inner][vc_zigzag][vc_separator color=\u00a0\u00bbwhite\u00a0\u00bb][vc_custom_heading text=\u00a0\u00bbLyc\u00e9e fran\u00e7ais international Louis-Massignon, Casablanca `{`R\u00e9seau OSUI`}`\u00a0\u00bb font_container=\u00a0\u00bbtag:h2|text_align:left|color:%234b2582&Prime;][vc_column_text]<img loading=\"lazy\" decoding=\"async\" class=\"size-medium wp-image-10588 alignright\" src=\"https:\/\/congres.mlfmonde.org\/reims2023\/wp-content\/uploads\/2023\/05\/IMG-20220429-WA0005-1-300x169.jpg\" alt=\"\" width=\"300\" height=\"169\" srcset=\"https:\/\/congres.mlfmonde.org\/reims2023\/wp-content\/uploads\/2023\/05\/IMG-20220429-WA0005-1-300x169.jpg 300w, https:\/\/congres.mlfmonde.org\/reims2023\/wp-content\/uploads\/2023\/05\/IMG-20220429-WA0005-1-1024x576.jpg 1024w, https:\/\/congres.mlfmonde.org\/reims2023\/wp-content\/uploads\/2023\/05\/IMG-20220429-WA0005-1-768x432.jpg 768w, https:\/\/congres.mlfmonde.org\/reims2023\/wp-content\/uploads\/2023\/05\/IMG-20220429-WA0005-1-1536x864.jpg 1536w, https:\/\/congres.mlfmonde.org\/reims2023\/wp-content\/uploads\/2023\/05\/IMG-20220429-WA0005-1-600x337.jpg 600w, https:\/\/congres.mlfmonde.org\/reims2023\/wp-content\/uploads\/2023\/05\/IMG-20220429-WA0005-1.jpg 1599w\" sizes=\"auto, (max-width: 300px) 100vw, 300px\" \/><\/p>\n<p>N\u00e9e en 2018 de la premi\u00e8re g\u00e9n\u00e9ration d\u2019\u00e9co ambassadeurs du <a href=\"https:\/\/www.mlfmonde.org\/etablissements\/lycee-francais-international-louis-massignon\/\">lyc\u00e9e fran\u00e7ais Louis-Massignon<\/a>, le Green Lab se veut \u00eatre un lieu qui soit un mod\u00e8le de pratiques durables et \u00e9co-responsables. Plus qu\u2019un simple b\u00e2timent ou juste un lieu de rassemblement, cette \u00e9co-cabane se veut \u00eatre un lieu de vie o\u00f9 les \u00e9l\u00e8ves pourront d\u00e9velopper des valeurs communes en les partageant et en les exp\u00e9rimentant ensemble. <a href=\"https:\/\/www.mlfmonde.org\/le-green-lab-du-lycee-francais-international-louis-massignon-une-action-ecologique-remarquable\/\">En savoir plus<\/a>[\/vc_column_text][vc_separator color=\u00a0\u00bbwhite\u00a0\u00bb][vc_zigzag][\/vc_column][\/vc_row][vc_row][vc_column width=\u00a0\u00bb5\/6&Prime;][vc_custom_heading text=\u00a0\u00bbClasses Culturelles Num\u00e9riques `{`R\u00e9seau Mlfmonde`}`\u00a0\u00bb font_container=\u00a0\u00bbtag:h2|text_align:left|color:%234b2582&Prime;][vc_column_text]La <a href=\"https:\/\/ccn.mlfmonde.org\/\">classe culturelle num\u00e9rique<\/a> (CCN) est un projet collaboratif permettant \u00e0 plusieurs classes de coll\u00e8ges ou d&rsquo;\u00e9coles de travailler en r\u00e9seau avec un intervenant scientifique ou artistique et une structure associ\u00e9e. Les CCN seront abord\u00e9es, entre autres, lors de l&rsquo;atelier de co-construction \u00ab\u00a0<a href=\"https:\/\/congres.mlfmonde.org\/reims2023\/programme\/les-pratiques-artistiques-pourquoi-etre-creatif-au-xxie-siecle\/\">Les pratiques artistiques : pourquoi \u00eatre cr\u00e9atif au XXIe si\u00e8cle ?<\/a>\u00a0\u00bb anim\u00e9 par <a href=\"https:\/\/congres.mlfmonde.org\/reims2023\/intervenants\/dominique-collado\/\">Dominique Collado<\/a> et <a href=\"https:\/\/congres.mlfmonde.org\/reims2023\/intervenants\/alix-martelly\/\">Alix Martelly<\/a> (Sessions le dimanche 14 mai et le lundi 15 mai).[\/vc_column_text][vc_separator color=\u00a0\u00bbwhite\u00a0\u00bb][\/vc_column][vc_column width=\u00a0\u00bb1\/6&Prime;][vc_single_image image=\u00a0\u00bb10715&Prime; onclick=\u00a0\u00bbimg_link_large\u00a0\u00bb][vc_single_image image=\u00a0\u00bb10716&Prime; onclick=\u00a0\u00bbimg_link_large\u00a0\u00bb][\/vc_column][\/vc_row]<\/p>\n<\/div>","protected":false},"excerpt":{"rendered":"<p>[vc_row][vc_column][vc_custom_heading text=\u00a0\u00bbProjets p\u00e9dagogiques pr\u00e9sent\u00e9s lors du congr\u00e8s, \u00e0 d\u00e9couvrir\u00a0\u00bb font_container=\u00a0\u00bbtag:h2|text_align:left|color:%23e2007a\u00a0\u00bb][vc_column_text]Education \u00e0 l&rsquo;environnement et au d\u00e9veloppement durable, politique des langues, la\u00efcit\u00e9, interculturalit\u00e9, usages du num\u00e9rique, inclusion, engagement des \u00e9l\u00e8ves&#8230; Le congr\u00e8s sera l&rsquo;occasion de d\u00e9couvrir les projets innovants des \u00e9tablissements du r\u00e9seau mlfmonde[\/vc_column_text][vc_zigzag][\/vc_column][\/vc_row][vc_row][vc_column][vc_custom_heading text=\u00a0\u00bbLyc\u00e9e fran\u00e7ais &#8211; Mlf &#8211; Ren\u00e9-Verneau, Gran Canaria `{`R\u00e9seau Espagne`}`\u00a0\u00bb font_container=\u00a0\u00bbtag:h2|text_align:left|color:%234b2582&Prime;][vc_column_text]Le lyc\u00e9e fran\u00e7ais [&hellip;]<\/p>\n","protected":false},"author":3,"featured_media":0,"parent":0,"menu_order":0,"comment_status":"closed","ping_status":"closed","template":"","meta":{"footnotes":""},"class_list":["post-5611","page","type-page","status-publish","hentry"],"_links":{"self":[{"href":"https:\/\/congres.mlfmonde.org\/reims2023\/wp-json\/wp\/v2\/pages\/5611","targetHints":{"allow":["GET"]}}],"collection":[{"href":"https:\/\/congres.mlfmonde.org\/reims2023\/wp-json\/wp\/v2\/pages"}],"about":[{"href":"https:\/\/congres.mlfmonde.org\/reims2023\/wp-json\/wp\/v2\/types\/page"}],"author":[{"embeddable":true,"href":"https:\/\/congres.mlfmonde.org\/reims2023\/wp-json\/wp\/v2\/users\/3"}],"replies":[{"embeddable":true,"href":"https:\/\/congres.mlfmonde.org\/reims2023\/wp-json\/wp\/v2\/comments?post=5611"}],"version-history":[{"count":73,"href":"https:\/\/congres.mlfmonde.org\/reims2023\/wp-json\/wp\/v2\/pages\/5611\/revisions"}],"predecessor-version":[{"id":10718,"href":"https:\/\/congres.mlfmonde.org\/reims2023\/wp-json\/wp\/v2\/pages\/5611\/revisions\/10718"}],"wp:attachment":[{"href":"https:\/\/congres.mlfmonde.org\/reims2023\/wp-json\/wp\/v2\/media?parent=5611"}],"curies":[{"name":"wp","href":"https:\/\/api.w.org\/{rel}","templated":true}]}}